{"id":525,"date":"2024-03-09T10:24:08","date_gmt":"2024-03-09T09:24:08","guid":{"rendered":"https:\/\/demo.stilldesign.net\/ironfem\/?page_id=525"},"modified":"2024-12-11T18:52:57","modified_gmt":"2024-12-11T17:52:57","slug":"ugyfelkozpontusag","status":"publish","type":"page","link":"https:\/\/demo.stilldesign.net\/ironfem\/ugyfelkozpontusag\/","title":{"rendered":"\u00dcgyf\u00e9lk\u00f6zpont\u00fas\u00e1g"},"content":{"rendered":"\t\t<div data-elementor-type=\"wp-page\" data-elementor-id=\"525\" class=\"elementor elementor-525\" data-elementor-post-type=\"page\">\n\t\t\t\t<div data-dce-background-color=\"#3E362E\" class=\"elementor-element elementor-element-20f9d258 e-flex e-con-boxed e-con e-parent\" data-id=\"20f9d258\" data-element_type=\"container\" data-settings=\"{&quot;background_background&quot;:&quot;classic&quot;}\">\n\t\t\t\t\t<div class=\"e-con-inner\">\n\t\t\t\t<div class=\"elementor-element elementor-element-e1e6a67 elementor-widget elementor-widget-jet-breadcrumbs\" data-id=\"e1e6a67\" data-element_type=\"widget\" data-widget_type=\"jet-breadcrumbs.default\">\n\t\t\t\t<div class=\"elementor-widget-container\">\n\t\t\t\t\t<div class=\"elementor-jet-breadcrumbs jet-blocks\">\n\t\t<div class=\"jet-breadcrumbs\">\n\t\t<div class=\"jet-breadcrumbs__content\">\n\t\t<div class=\"jet-breadcrumbs__wrap\"><div class=\"jet-breadcrumbs__item\"><a href=\"https:\/\/demo.stilldesign.net\/ironfem\/\" class=\"jet-breadcrumbs__item-link is-home\" rel=\"home\" title=\"F\u0151oldal\">F\u0151oldal<\/a><\/div>\n\t\t<\/div>\n\t\t<\/div>\n\t\t<\/div><\/div>\t\t\t\t<\/div>\n\t\t\t\t<\/div>\n\t\t\t\t<div class=\"elementor-element elementor-element-ce6b958 elementor-widget elementor-widget-heading\" data-id=\"ce6b958\" data-element_type=\"widget\" data-widget_type=\"heading.default\">\n\t\t\t\t<div class=\"elementor-widget-container\">\n\t\t\t\t\t<h2 class=\"elementor-heading-title elementor-size-default\">\u00fcgyf\u00e9lk\u00f6zpont\u00fas\u00e1g<\/h2>\t\t\t\t<\/div>\n\t\t\t\t<\/div>\n\t\t\t\t<div class=\"elementor-element elementor-element-1099dc58 elementor-widget elementor-widget-text-editor\" data-id=\"1099dc58\" data-element_type=\"widget\" data-widget_type=\"text-editor.default\">\n\t\t\t\t<div class=\"elementor-widget-container\">\n\t\t\t\t\t\t\t\t\t<p>C\u00e9g\u00fcnk filoz\u00f3fi\u00e1ja szerint, az \u00e1ltalunk kiszolg\u00e1lt emberek meg\u00e9rt\u00e9se az innov\u00e1ci\u00f3 legfontosabb mozgat\u00f3rug\u00f3ja.<br \/>\nFontosnak tartjuk, hogy megfelel\u0151 figyelmet ford\u00edtsunk \u00fcgyfeleinkre, megismerj\u00fck \u0151ket \u00e9s esetleges egyedi ig\u00e9nyeiket, \u00e9s ezen ismeretek alapj\u00e1n szem\u00e9lyre szabott aj\u00e1nlatokat tehess\u00fcnk r\u00e9sz\u00fckre.<br \/>\n\u00dcgyfeleink k\u00e9r\u00e9se, szok\u00e1sai alapj\u00e1n el\u0151re \u00f6sszek\u00e9sz\u00edtj\u00fck, daraboljuk, k\u00f6t\u00f6zz\u00fck a t\u00e9teleket a gyorsabb, g\u00f6rd\u00fcl\u00e9kenyebb kiszolg\u00e1l\u00e1s \u00e9rdek\u00e9ben<\/p>\n\t\t\t\t\t\t\t\t<\/div>\n\t\t\t\t<\/div>\n\t\t\t\t\t<\/div>\n\t\t\t\t<\/div>\n\t\t<div data-dce-background-color=\"#EFFBD9\" class=\"elementor-element elementor-element-2c3fbefd e-flex e-con-boxed e-con e-parent\" data-id=\"2c3fbefd\" data-element_type=\"container\" data-settings=\"{&quot;background_background&quot;:&quot;classic&quot;}\">\n\t\t\t\t\t<div class=\"e-con-inner\">\n\t\t<div class=\"elementor-element elementor-element-1e2712b e-con-full e-flex e-con e-child\" data-id=\"1e2712b\" data-element_type=\"container\">\n\t\t\t\t<div class=\"elementor-element elementor-element-12540c0f elementor-widget elementor-widget-heading\" data-id=\"12540c0f\" data-element_type=\"widget\" data-widget_type=\"heading.default\">\n\t\t\t\t<div class=\"elementor-widget-container\">\n\t\t\t\t\t<h2 class=\"elementor-heading-title elementor-size-default\">L\u00e9pjen vel\u00fcnk kapcsolatba!<\/h2>\t\t\t\t<\/div>\n\t\t\t\t<\/div>\n\t\t\t\t<\/div>\n\t\t<div class=\"elementor-element elementor-element-c446bfa e-con-full e-flex e-con e-child\" data-id=\"c446bfa\" data-element_type=\"container\">\n\t\t\t\t<div class=\"elementor-element elementor-element-f0e52d8 elementor-widget elementor-widget-text-editor\" data-id=\"f0e52d8\" data-element_type=\"widget\" data-widget_type=\"text-editor.default\">\n\t\t\t\t<div class=\"elementor-widget-container\">\n\t\t\t\t\t\t\t\t\tH\u00edvjon minket +36 20 33 40 669 vagy \u00edrjon \u00fczenetet a info@ironfem.hu e-mail c\u00edmre!\t\t\t\t\t\t\t\t<\/div>\n\t\t\t\t<\/div>\n\t\t\t\t<\/div>\n\t\t<div class=\"elementor-element elementor-element-2d3bed02 e-con-full e-flex e-con e-child\" data-id=\"2d3bed02\" data-element_type=\"container\">\n\t\t\t\t<div class=\"elementor-element elementor-element-1361ba2 elementor-mobile-align-center elementor-widget elementor-widget-button\" data-id=\"1361ba2\" data-element_type=\"widget\" data-widget_type=\"button.default\">\n\t\t\t\t<div class=\"elementor-widget-container\">\n\t\t\t\t\t\t\t\t\t<div class=\"elementor-button-wrapper\">\n\t\t\t\t\t<a class=\"elementor-button elementor-size-sm\" role=\"button\">\n\t\t\t\t\t\t<span class=\"elementor-button-content-wrapper\">\n\t\t\t\t\t\t\t\t\t<span class=\"elementor-button-text\">B\u0151vebben<\/span>\n\t\t\t\t\t<\/span>\n\t\t\t\t\t<\/a>\n\t\t\t\t<\/div>\n\t\t\t\t\t\t\t\t<\/div>\n\t\t\t\t<\/div>\n\t\t\t\t<\/div>\n\t\t\t\t\t<\/div>\n\t\t\t\t<\/div>\n\t\t\t\t<\/div>\n\t\t","protected":false},"excerpt":{"rendered":"<p>F\u0151oldal<\/p>\n","protected":false},"author":1,"featured_media":0,"parent":0,"menu_order":0,"comment_status":"closed","ping_status":"closed","template":"","meta":{"_acf_changed":false,"footnotes":""},"class_list":["post-525","page","type-page","status-publish","hentry"],"acf":[],"yoast_head":"<!-- This site is optimized with the Yoast SEO Premium plugin v24.3 (Yoast SEO v24.3) - https:\/\/yoast.com\/wordpress\/plugins\/seo\/ -->\n<title>\u00dcgyf\u00e9lk\u00f6zpont\u00fas\u00e1g - Ironfem<\/title>\n<meta name=\"robots\" content=\"noindex, follow, max-snippet:-1, max-image-preview:large, max-video-preview:-1\" \/>\n<meta property=\"og:locale\" content=\"hu_HU\" \/>\n<meta property=\"og:type\" content=\"article\" \/>\n<meta property=\"og:title\" content=\"\u00dcgyf\u00e9lk\u00f6zpont\u00fas\u00e1g\" \/>\n<meta property=\"og:description\" content=\"F\u0151oldal\" \/>\n<meta property=\"og:url\" content=\"https:\/\/demo.stilldesign.net\/ironfem\/ugyfelkozpontusag\/\" \/>\n<meta property=\"og:site_name\" content=\"Ironfem\" \/>\n<meta property=\"article:modified_time\" content=\"2024-12-11T17:52:57+00:00\" \/>\n<meta name=\"twitter:card\" content=\"summary_large_image\" \/>\n<meta name=\"twitter:label1\" content=\"Becs\u00fclt olvas\u00e1si id\u0151\" \/>\n\t<meta name=\"twitter:data1\" content=\"1 perc\" \/>\n<script type=\"application\/ld+json\" class=\"yoast-schema-graph\">{\"@context\":\"https:\/\/schema.org\",\"@graph\":[{\"@type\":\"WebPage\",\"@id\":\"https:\/\/demo.stilldesign.net\/ironfem\/ugyfelkozpontusag\/\",\"url\":\"https:\/\/demo.stilldesign.net\/ironfem\/ugyfelkozpontusag\/\",\"name\":\"\u00dcgyf\u00e9lk\u00f6zpont\u00fas\u00e1g - Ironfem\",\"isPartOf\":{\"@id\":\"https:\/\/demo.stilldesign.net\/ironfem\/#website\"},\"datePublished\":\"2024-03-09T09:24:08+00:00\",\"dateModified\":\"2024-12-11T17:52:57+00:00\",\"breadcrumb\":{\"@id\":\"https:\/\/demo.stilldesign.net\/ironfem\/ugyfelkozpontusag\/#breadcrumb\"},\"inLanguage\":\"hu\",\"potentialAction\":[{\"@type\":\"ReadAction\",\"target\":[\"https:\/\/demo.stilldesign.net\/ironfem\/ugyfelkozpontusag\/\"]}]},{\"@type\":\"BreadcrumbList\",\"@id\":\"https:\/\/demo.stilldesign.net\/ironfem\/ugyfelkozpontusag\/#breadcrumb\",\"itemListElement\":[{\"@type\":\"ListItem\",\"position\":1,\"name\":\"Home\",\"item\":\"https:\/\/demo.stilldesign.net\/ironfem\/\"},{\"@type\":\"ListItem\",\"position\":2,\"name\":\"\u00dcgyf\u00e9lk\u00f6zpont\u00fas\u00e1g\"}]},{\"@type\":\"WebSite\",\"@id\":\"https:\/\/demo.stilldesign.net\/ironfem\/#website\",\"url\":\"https:\/\/demo.stilldesign.net\/ironfem\/\",\"name\":\"Ironfem\",\"description\":\"\",\"potentialAction\":[{\"@type\":\"SearchAction\",\"target\":{\"@type\":\"EntryPoint\",\"urlTemplate\":\"https:\/\/demo.stilldesign.net\/ironfem\/?s={search_term_string}\"},\"query-input\":{\"@type\":\"PropertyValueSpecification\",\"valueRequired\":true,\"valueName\":\"search_term_string\"}}],\"inLanguage\":\"hu\"}]}<\/script>\n<!-- \/ Yoast SEO Premium plugin. -->","yoast_head_json":{"title":"\u00dcgyf\u00e9lk\u00f6zpont\u00fas\u00e1g - Ironfem","robots":{"index":"noindex","follow":"follow","max-snippet":"max-snippet:-1","max-image-preview":"max-image-preview:large","max-video-preview":"max-video-preview:-1"},"og_locale":"hu_HU","og_type":"article","og_title":"\u00dcgyf\u00e9lk\u00f6zpont\u00fas\u00e1g","og_description":"F\u0151oldal","og_url":"https:\/\/demo.stilldesign.net\/ironfem\/ugyfelkozpontusag\/","og_site_name":"Ironfem","article_modified_time":"2024-12-11T17:52:57+00:00","twitter_card":"summary_large_image","twitter_misc":{"Becs\u00fclt olvas\u00e1si id\u0151":"1 perc"},"schema":{"@context":"https:\/\/schema.org","@graph":[{"@type":"WebPage","@id":"https:\/\/demo.stilldesign.net\/ironfem\/ugyfelkozpontusag\/","url":"https:\/\/demo.stilldesign.net\/ironfem\/ugyfelkozpontusag\/","name":"\u00dcgyf\u00e9lk\u00f6zpont\u00fas\u00e1g - Ironfem","isPartOf":{"@id":"https:\/\/demo.stilldesign.net\/ironfem\/#website"},"datePublished":"2024-03-09T09:24:08+00:00","dateModified":"2024-12-11T17:52:57+00:00","breadcrumb":{"@id":"https:\/\/demo.stilldesign.net\/ironfem\/ugyfelkozpontusag\/#breadcrumb"},"inLanguage":"hu","potentialAction":[{"@type":"ReadAction","target":["https:\/\/demo.stilldesign.net\/ironfem\/ugyfelkozpontusag\/"]}]},{"@type":"BreadcrumbList","@id":"https:\/\/demo.stilldesign.net\/ironfem\/ugyfelkozpontusag\/#breadcrumb","itemListElement":[{"@type":"ListItem","position":1,"name":"Home","item":"https:\/\/demo.stilldesign.net\/ironfem\/"},{"@type":"ListItem","position":2,"name":"\u00dcgyf\u00e9lk\u00f6zpont\u00fas\u00e1g"}]},{"@type":"WebSite","@id":"https:\/\/demo.stilldesign.net\/ironfem\/#website","url":"https:\/\/demo.stilldesign.net\/ironfem\/","name":"Ironfem","description":"","potentialAction":[{"@type":"SearchAction","target":{"@type":"EntryPoint","urlTemplate":"https:\/\/demo.stilldesign.net\/ironfem\/?s={search_term_string}"},"query-input":{"@type":"PropertyValueSpecification","valueRequired":true,"valueName":"search_term_string"}}],"inLanguage":"hu"}]}},"_links":{"self":[{"href":"https:\/\/demo.stilldesign.net\/ironfem\/wp-json\/wp\/v2\/pages\/525","targetHints":{"allow":["GET"]}}],"collection":[{"href":"https:\/\/demo.stilldesign.net\/ironfem\/wp-json\/wp\/v2\/pages"}],"about":[{"href":"https:\/\/demo.stilldesign.net\/ironfem\/wp-json\/wp\/v2\/types\/page"}],"author":[{"embeddable":true,"href":"https:\/\/demo.stilldesign.net\/ironfem\/wp-json\/wp\/v2\/users\/1"}],"replies":[{"embeddable":true,"href":"https:\/\/demo.stilldesign.net\/ironfem\/wp-json\/wp\/v2\/comments?post=525"}],"version-history":[{"count":33,"href":"https:\/\/demo.stilldesign.net\/ironfem\/wp-json\/wp\/v2\/pages\/525\/revisions"}],"predecessor-version":[{"id":2500,"href":"https:\/\/demo.stilldesign.net\/ironfem\/wp-json\/wp\/v2\/pages\/525\/revisions\/2500"}],"wp:attachment":[{"href":"https:\/\/demo.stilldesign.net\/ironfem\/wp-json\/wp\/v2\/media?parent=525"}],"curies":[{"name":"wp","href":"https:\/\/api.w.org\/{rel}","templated":true}]}}