{"id":513,"date":"2024-03-09T10:15:23","date_gmt":"2024-03-09T09:15:23","guid":{"rendered":"https:\/\/demo.stilldesign.net\/ironfem\/?page_id=513"},"modified":"2024-12-11T18:50:28","modified_gmt":"2024-12-11T17:50:28","slug":"minoseg","status":"publish","type":"page","link":"https:\/\/demo.stilldesign.net\/ironfem\/minoseg\/","title":{"rendered":"Min\u0151s\u00e9g"},"content":{"rendered":"\t\t<div data-elementor-type=\"wp-page\" data-elementor-id=\"513\" class=\"elementor elementor-513\" data-elementor-post-type=\"page\">\n\t\t\t\t<div data-dce-background-color=\"#3E362E\" class=\"elementor-element elementor-element-1c23b1d5 e-flex e-con-boxed e-con e-parent\" data-id=\"1c23b1d5\" data-element_type=\"container\" data-settings=\"{&quot;background_background&quot;:&quot;classic&quot;}\">\n\t\t\t\t\t<div class=\"e-con-inner\">\n\t\t\t\t<div class=\"elementor-element elementor-element-4f93014 elementor-widget elementor-widget-jet-breadcrumbs\" data-id=\"4f93014\" data-element_type=\"widget\" data-widget_type=\"jet-breadcrumbs.default\">\n\t\t\t\t<div class=\"elementor-widget-container\">\n\t\t\t\t\t<div class=\"elementor-jet-breadcrumbs jet-blocks\">\n\t\t<div class=\"jet-breadcrumbs\">\n\t\t<div class=\"jet-breadcrumbs__content\">\n\t\t<div class=\"jet-breadcrumbs__wrap\"><div class=\"jet-breadcrumbs__item\"><a href=\"https:\/\/demo.stilldesign.net\/ironfem\/\" class=\"jet-breadcrumbs__item-link is-home\" rel=\"home\" title=\"F\u0151oldal\">F\u0151oldal<\/a><\/div>\n\t\t<\/div>\n\t\t<\/div>\n\t\t<\/div><\/div>\t\t\t\t<\/div>\n\t\t\t\t<\/div>\n\t\t\t\t<div class=\"elementor-element elementor-element-1bc2df45 elementor-widget elementor-widget-heading\" data-id=\"1bc2df45\" data-element_type=\"widget\" data-widget_type=\"heading.default\">\n\t\t\t\t<div class=\"elementor-widget-container\">\n\t\t\t\t\t<h2 class=\"elementor-heading-title elementor-size-default\">min\u0151s\u00e9gpolitika<\/h2>\t\t\t\t<\/div>\n\t\t\t\t<\/div>\n\t\t\t\t<div class=\"elementor-element elementor-element-227a6b3f elementor-widget elementor-widget-text-editor\" data-id=\"227a6b3f\" data-element_type=\"widget\" data-widget_type=\"text-editor.default\">\n\t\t\t\t<div class=\"elementor-widget-container\">\n\t\t\t\t\t\t\t\t\t<p>ISO szerinti min\u0151s\u00e9gir\u00e1ny\u00edt\u00e1ssal dolgozunk, melynek szigor\u00faan betartott alapelvei min\u0151s\u00e9gpolitik\u00e1nkban tal\u00e1lhat\u00f3ak.<br \/>\nEzek k\u00f6z\u00fcl az egyik legfontosabb c\u00e9lkit\u0171z\u00e9s\u00fcnk a vev\u0151i el\u00e9gedetts\u00e9g el\u00e9r\u00e9se, melynek \u00e9rdek\u00e9ben min\u0151s\u00e9gi alapanyagokkal, gyors \u00e9s pontos sz\u00e1ll\u00edt\u00e1ssal, kultur\u00e1lt kiszolg\u00e1l\u00e1ssal \u00e1llunk \u00fcgyfeleink rendelkez\u00e9s\u00e9re.<br \/>\nElk\u00f6telezettek vagyunk a folyamatos fejl\u0151d\u00e9s \u00e9s fejleszt\u00e9s ir\u00e1nt.<\/p>\n<p>Min\u0151s\u00e9gpolitika let\u00f6lt\u00e9se<\/p>\n\t\t\t\t\t\t\t\t<\/div>\n\t\t\t\t<\/div>\n\t\t\t\t\t<\/div>\n\t\t\t\t<\/div>\n\t\t<div data-dce-background-color=\"#EFFBD9\" class=\"elementor-element elementor-element-8a4cd98 e-flex e-con-boxed e-con e-parent\" data-id=\"8a4cd98\" data-element_type=\"container\" data-settings=\"{&quot;background_background&quot;:&quot;classic&quot;}\">\n\t\t\t\t\t<div class=\"e-con-inner\">\n\t\t<div class=\"elementor-element elementor-element-afe51f7 e-con-full e-flex e-con e-child\" data-id=\"afe51f7\" data-element_type=\"container\">\n\t\t\t\t<div class=\"elementor-element elementor-element-2249797c elementor-widget elementor-widget-heading\" data-id=\"2249797c\" data-element_type=\"widget\" data-widget_type=\"heading.default\">\n\t\t\t\t<div class=\"elementor-widget-container\">\n\t\t\t\t\t<h2 class=\"elementor-heading-title elementor-size-default\">L\u00e9pjen vel\u00fcnk kapcsolatba!<\/h2>\t\t\t\t<\/div>\n\t\t\t\t<\/div>\n\t\t\t\t<\/div>\n\t\t<div class=\"elementor-element elementor-element-6a45e775 e-con-full e-flex e-con e-child\" data-id=\"6a45e775\" data-element_type=\"container\">\n\t\t\t\t<div class=\"elementor-element elementor-element-3187b720 elementor-widget elementor-widget-text-editor\" data-id=\"3187b720\" data-element_type=\"widget\" data-widget_type=\"text-editor.default\">\n\t\t\t\t<div class=\"elementor-widget-container\">\n\t\t\t\t\t\t\t\t\tH\u00edvjon minket +36 20 33 40 669 vagy \u00edrjon \u00fczenetet a info@ironfem.hu e-mail c\u00edmre!\t\t\t\t\t\t\t\t<\/div>\n\t\t\t\t<\/div>\n\t\t\t\t<\/div>\n\t\t<div class=\"elementor-element elementor-element-53d4f0c1 e-con-full e-flex e-con e-child\" data-id=\"53d4f0c1\" data-element_type=\"container\">\n\t\t\t\t<div class=\"elementor-element elementor-element-204b3e73 elementor-mobile-align-center elementor-widget elementor-widget-button\" data-id=\"204b3e73\" data-element_type=\"widget\" data-widget_type=\"button.default\">\n\t\t\t\t<div class=\"elementor-widget-container\">\n\t\t\t\t\t\t\t\t\t<div class=\"elementor-button-wrapper\">\n\t\t\t\t\t<a class=\"elementor-button elementor-button-link elementor-size-sm\" href=\"https:\/\/demo.stilldesign.net\/ironfem\/elerhetosegek\/\">\n\t\t\t\t\t\t<span class=\"elementor-button-content-wrapper\">\n\t\t\t\t\t\t\t\t\t<span class=\"elementor-button-text\">B\u0151vebben<\/span>\n\t\t\t\t\t<\/span>\n\t\t\t\t\t<\/a>\n\t\t\t\t<\/div>\n\t\t\t\t\t\t\t\t<\/div>\n\t\t\t\t<\/div>\n\t\t\t\t<\/div>\n\t\t\t\t\t<\/div>\n\t\t\t\t<\/div>\n\t\t\t\t<\/div>\n\t\t","protected":false},"excerpt":{"rendered":"<p>F\u0151oldal<\/p>\n","protected":false},"author":1,"featured_media":0,"parent":0,"menu_order":0,"comment_status":"closed","ping_status":"closed","template":"","meta":{"_acf_changed":false,"footnotes":""},"class_list":["post-513","page","type-page","status-publish","hentry"],"acf":[],"yoast_head":"<!-- This site is optimized with the Yoast SEO Premium plugin v24.3 (Yoast SEO v24.3) - https:\/\/yoast.com\/wordpress\/plugins\/seo\/ -->\n<title>Min\u0151s\u00e9g - Ironfem<\/title>\n<meta name=\"robots\" content=\"noindex, follow, max-snippet:-1, max-image-preview:large, max-video-preview:-1\" \/>\n<meta property=\"og:locale\" content=\"hu_HU\" \/>\n<meta property=\"og:type\" content=\"article\" \/>\n<meta property=\"og:title\" content=\"Min\u0151s\u00e9g\" \/>\n<meta property=\"og:description\" content=\"F\u0151oldal\" \/>\n<meta property=\"og:url\" content=\"https:\/\/demo.stilldesign.net\/ironfem\/minoseg\/\" \/>\n<meta property=\"og:site_name\" content=\"Ironfem\" \/>\n<meta property=\"article:modified_time\" content=\"2024-12-11T17:50:28+00:00\" \/>\n<meta name=\"twitter:card\" content=\"summary_large_image\" \/>\n<meta name=\"twitter:label1\" content=\"Becs\u00fclt olvas\u00e1si id\u0151\" \/>\n\t<meta name=\"twitter:data1\" content=\"1 perc\" \/>\n<script type=\"application\/ld+json\" class=\"yoast-schema-graph\">{\"@context\":\"https:\/\/schema.org\",\"@graph\":[{\"@type\":\"WebPage\",\"@id\":\"https:\/\/demo.stilldesign.net\/ironfem\/minoseg\/\",\"url\":\"https:\/\/demo.stilldesign.net\/ironfem\/minoseg\/\",\"name\":\"Min\u0151s\u00e9g - Ironfem\",\"isPartOf\":{\"@id\":\"https:\/\/demo.stilldesign.net\/ironfem\/#website\"},\"datePublished\":\"2024-03-09T09:15:23+00:00\",\"dateModified\":\"2024-12-11T17:50:28+00:00\",\"breadcrumb\":{\"@id\":\"https:\/\/demo.stilldesign.net\/ironfem\/minoseg\/#breadcrumb\"},\"inLanguage\":\"hu\",\"potentialAction\":[{\"@type\":\"ReadAction\",\"target\":[\"https:\/\/demo.stilldesign.net\/ironfem\/minoseg\/\"]}]},{\"@type\":\"BreadcrumbList\",\"@id\":\"https:\/\/demo.stilldesign.net\/ironfem\/minoseg\/#breadcrumb\",\"itemListElement\":[{\"@type\":\"ListItem\",\"position\":1,\"name\":\"Home\",\"item\":\"https:\/\/demo.stilldesign.net\/ironfem\/\"},{\"@type\":\"ListItem\",\"position\":2,\"name\":\"Min\u0151s\u00e9g\"}]},{\"@type\":\"WebSite\",\"@id\":\"https:\/\/demo.stilldesign.net\/ironfem\/#website\",\"url\":\"https:\/\/demo.stilldesign.net\/ironfem\/\",\"name\":\"Ironfem\",\"description\":\"\",\"potentialAction\":[{\"@type\":\"SearchAction\",\"target\":{\"@type\":\"EntryPoint\",\"urlTemplate\":\"https:\/\/demo.stilldesign.net\/ironfem\/?s={search_term_string}\"},\"query-input\":{\"@type\":\"PropertyValueSpecification\",\"valueRequired\":true,\"valueName\":\"search_term_string\"}}],\"inLanguage\":\"hu\"}]}<\/script>\n<!-- \/ Yoast SEO Premium plugin. -->","yoast_head_json":{"title":"Min\u0151s\u00e9g - Ironfem","robots":{"index":"noindex","follow":"follow","max-snippet":"max-snippet:-1","max-image-preview":"max-image-preview:large","max-video-preview":"max-video-preview:-1"},"og_locale":"hu_HU","og_type":"article","og_title":"Min\u0151s\u00e9g","og_description":"F\u0151oldal","og_url":"https:\/\/demo.stilldesign.net\/ironfem\/minoseg\/","og_site_name":"Ironfem","article_modified_time":"2024-12-11T17:50:28+00:00","twitter_card":"summary_large_image","twitter_misc":{"Becs\u00fclt olvas\u00e1si id\u0151":"1 perc"},"schema":{"@context":"https:\/\/schema.org","@graph":[{"@type":"WebPage","@id":"https:\/\/demo.stilldesign.net\/ironfem\/minoseg\/","url":"https:\/\/demo.stilldesign.net\/ironfem\/minoseg\/","name":"Min\u0151s\u00e9g - Ironfem","isPartOf":{"@id":"https:\/\/demo.stilldesign.net\/ironfem\/#website"},"datePublished":"2024-03-09T09:15:23+00:00","dateModified":"2024-12-11T17:50:28+00:00","breadcrumb":{"@id":"https:\/\/demo.stilldesign.net\/ironfem\/minoseg\/#breadcrumb"},"inLanguage":"hu","potentialAction":[{"@type":"ReadAction","target":["https:\/\/demo.stilldesign.net\/ironfem\/minoseg\/"]}]},{"@type":"BreadcrumbList","@id":"https:\/\/demo.stilldesign.net\/ironfem\/minoseg\/#breadcrumb","itemListElement":[{"@type":"ListItem","position":1,"name":"Home","item":"https:\/\/demo.stilldesign.net\/ironfem\/"},{"@type":"ListItem","position":2,"name":"Min\u0151s\u00e9g"}]},{"@type":"WebSite","@id":"https:\/\/demo.stilldesign.net\/ironfem\/#website","url":"https:\/\/demo.stilldesign.net\/ironfem\/","name":"Ironfem","description":"","potentialAction":[{"@type":"SearchAction","target":{"@type":"EntryPoint","urlTemplate":"https:\/\/demo.stilldesign.net\/ironfem\/?s={search_term_string}"},"query-input":{"@type":"PropertyValueSpecification","valueRequired":true,"valueName":"search_term_string"}}],"inLanguage":"hu"}]}},"_links":{"self":[{"href":"https:\/\/demo.stilldesign.net\/ironfem\/wp-json\/wp\/v2\/pages\/513","targetHints":{"allow":["GET"]}}],"collection":[{"href":"https:\/\/demo.stilldesign.net\/ironfem\/wp-json\/wp\/v2\/pages"}],"about":[{"href":"https:\/\/demo.stilldesign.net\/ironfem\/wp-json\/wp\/v2\/types\/page"}],"author":[{"embeddable":true,"href":"https:\/\/demo.stilldesign.net\/ironfem\/wp-json\/wp\/v2\/users\/1"}],"replies":[{"embeddable":true,"href":"https:\/\/demo.stilldesign.net\/ironfem\/wp-json\/wp\/v2\/comments?post=513"}],"version-history":[{"count":52,"href":"https:\/\/demo.stilldesign.net\/ironfem\/wp-json\/wp\/v2\/pages\/513\/revisions"}],"predecessor-version":[{"id":2494,"href":"https:\/\/demo.stilldesign.net\/ironfem\/wp-json\/wp\/v2\/pages\/513\/revisions\/2494"}],"wp:attachment":[{"href":"https:\/\/demo.stilldesign.net\/ironfem\/wp-json\/wp\/v2\/media?parent=513"}],"curies":[{"name":"wp","href":"https:\/\/api.w.org\/{rel}","templated":true}]}}