{"id":447,"date":"2024-03-09T09:17:03","date_gmt":"2024-03-09T08:17:03","guid":{"rendered":"https:\/\/demo.stilldesign.net\/ironfem\/?page_id=447"},"modified":"2024-12-11T18:57:57","modified_gmt":"2024-12-11T17:57:57","slug":"szolgaltatasok","status":"publish","type":"page","link":"https:\/\/demo.stilldesign.net\/ironfem\/szolgaltatasok\/","title":{"rendered":"Szolg\u00e1ltat\u00e1sok"},"content":{"rendered":"\t\t<div data-elementor-type=\"wp-page\" data-elementor-id=\"447\" class=\"elementor elementor-447\" data-elementor-post-type=\"page\">\n\t\t\t\t<div data-dce-background-image-url=\"https:\/\/demo.stilldesign.net\/ironfem\/wp-content\/uploads\/2024\/03\/ironfem-vas-acel-kiskereskedelem-nagykereskedelem-daru.jpeg\" class=\"elementor-element elementor-element-330d139b e-con-full e-flex e-con e-parent\" data-id=\"330d139b\" data-element_type=\"container\" data-settings=\"{&quot;background_background&quot;:&quot;classic&quot;}\">\n\t\t\t\t<div class=\"elementor-element elementor-element-f430de7 elementor-widget elementor-widget-spacer\" data-id=\"f430de7\" data-element_type=\"widget\" data-widget_type=\"spacer.default\">\n\t\t\t\t<div class=\"elementor-widget-container\">\n\t\t\t\t\t\t\t<div class=\"elementor-spacer\">\n\t\t\t<div class=\"elementor-spacer-inner\"><\/div>\n\t\t<\/div>\n\t\t\t\t\t\t<\/div>\n\t\t\t\t<\/div>\n\t\t\t\t<\/div>\n\t\t<div data-dce-background-color=\"#F5DF93\" class=\"elementor-element elementor-element-2b7b4e5 e-flex e-con-boxed e-con e-parent\" data-id=\"2b7b4e5\" data-element_type=\"container\" data-settings=\"{&quot;background_background&quot;:&quot;classic&quot;}\">\n\t\t\t\t\t<div class=\"e-con-inner\">\n\t\t\t\t<div class=\"elementor-element elementor-element-17d1ad8 elementor-widget elementor-widget-jet-breadcrumbs\" data-id=\"17d1ad8\" data-element_type=\"widget\" data-widget_type=\"jet-breadcrumbs.default\">\n\t\t\t\t<div class=\"elementor-widget-container\">\n\t\t\t\t\t<div class=\"elementor-jet-breadcrumbs jet-blocks\">\n\t\t<div class=\"jet-breadcrumbs\">\n\t\t<div class=\"jet-breadcrumbs__content\">\n\t\t<div class=\"jet-breadcrumbs__wrap\"><div class=\"jet-breadcrumbs__item\"><a href=\"https:\/\/demo.stilldesign.net\/ironfem\/\" class=\"jet-breadcrumbs__item-link is-home\" rel=\"home\" title=\"F\u0151oldal\">F\u0151oldal<\/a><\/div>\n\t\t<\/div>\n\t\t<\/div>\n\t\t<\/div><\/div>\t\t\t\t<\/div>\n\t\t\t\t<\/div>\n\t\t\t\t<div class=\"elementor-element elementor-element-062b051 elementor-grid-1 elementor-grid-tablet-2 elementor-grid-mobile-1 elementor-widget elementor-widget-loop-grid\" data-id=\"062b051\" data-element_type=\"widget\" data-settings=\"{&quot;template_id&quot;:663,&quot;columns&quot;:1,&quot;_skin&quot;:&quot;post&quot;,&quot;columns_tablet&quot;:&quot;2&quot;,&quot;columns_mobile&quot;:&quot;1&quot;,&quot;edit_handle_selector&quot;:&quot;[data-elementor-type=\\&quot;loop-item\\&quot;]&quot;,&quot;row_gap&quot;:{&quot;unit&quot;:&quot;px&quot;,&quot;size&quot;:&quot;&quot;,&quot;sizes&quot;:[]},&quot;row_gap_tablet_extra&quot;:{&quot;unit&quot;:&quot;px&quot;,&quot;size&quot;:&quot;&quot;,&quot;sizes&quot;:[]},&quot;row_gap_tablet&quot;:{&quot;unit&quot;:&quot;px&quot;,&quot;size&quot;:&quot;&quot;,&quot;sizes&quot;:[]},&quot;row_gap_mobile_extra&quot;:{&quot;unit&quot;:&quot;px&quot;,&quot;size&quot;:&quot;&quot;,&quot;sizes&quot;:[]},&quot;row_gap_mobile&quot;:{&quot;unit&quot;:&quot;px&quot;,&quot;size&quot;:&quot;&quot;,&quot;sizes&quot;:[]}}\" data-widget_type=\"loop-grid.post\">\n\t\t\t\t<div class=\"elementor-widget-container\">\n\t\t\t\t\t\t\t<div class=\"elementor-loop-container elementor-grid\">\n\t\t<style id=\"loop-663\">.elementor-663 .elementor-element.elementor-element-a9cd464{--display:flex;--align-items:center;--container-widget-width:calc( ( 1 - var( --container-widget-flex-grow ) ) * 100% );}.elementor-663 .elementor-element.elementor-element-a9cd464:not(.elementor-motion-effects-element-type-background), .elementor-663 .elementor-element.elementor-element-a9cd464 > .elementor-motion-effects-container > .elementor-motion-effects-layer{background-color:#FFFFFF00;}.elementor-widget-heading .elementor-heading-title{font-family:var( --e-global-typography-primary-font-family ), Sans-serif;font-weight:var( --e-global-typography-primary-font-weight );color:var( --e-global-color-primary );}.elementor-663 .elementor-element.elementor-element-4b6846b{text-align:center;}.elementor-663 .elementor-element.elementor-element-4b6846b .elementor-heading-title{font-family:\"Montserrat\", Sans-serif;font-weight:600;color:#3E362E;}.elementor-widget-text-editor{color:var( --e-global-color-text );font-family:var( --e-global-typography-text-font-family ), Sans-serif;font-weight:var( --e-global-typography-text-font-weight );}.elementor-widget-text-editor.elementor-drop-cap-view-stacked .elementor-drop-cap{background-color:var( --e-global-color-primary );}.elementor-widget-text-editor.elementor-drop-cap-view-framed .elementor-drop-cap, .elementor-widget-text-editor.elementor-drop-cap-view-default .elementor-drop-cap{color:var( --e-global-color-primary );border-color:var( --e-global-color-primary );}.elementor-663 .elementor-element.elementor-element-51dd016{columns:1;text-align:center;color:#3E362E;font-family:\"Montserrat\", Sans-serif;font-weight:400;}<\/style>\t\t<div data-elementor-type=\"loop-item\" data-elementor-id=\"663\" class=\"elementor elementor-663 e-loop-item e-loop-item-109 post-109 szolgaltatas type-szolgaltatas status-publish has-post-thumbnail hentry\" data-elementor-post-type=\"elementor_library\" data-custom-edit-handle=\"1\">\n\t\t\t<div data-dce-background-color=\"#FFFFFF00\" class=\"elementor-element elementor-element-a9cd464 e-con-full e-flex e-con e-parent\" data-id=\"a9cd464\" data-element_type=\"container\" data-settings=\"{&quot;background_background&quot;:&quot;classic&quot;}\">\n\t\t\t\t<div class=\"elementor-element elementor-element-4b6846b elementor-widget elementor-widget-heading\" data-id=\"4b6846b\" data-element_type=\"widget\" data-widget_type=\"heading.default\">\n\t\t\t\t<div class=\"elementor-widget-container\">\n\t\t\t\t\t<h2 class=\"elementor-heading-title elementor-size-default\">Anyagvizsg\u00e1latok<\/h2>\t\t\t\t<\/div>\n\t\t\t\t<\/div>\n\t\t\t\t<div class=\"elementor-element elementor-element-51dd016 elementor-widget elementor-widget-text-editor\" data-id=\"51dd016\" data-element_type=\"widget\" data-widget_type=\"text-editor.default\">\n\t\t\t\t<div class=\"elementor-widget-container\">\n\t\t\t\t\t\t\t\t\t<p>Sz\u00fcks\u00e9g eset\u00e9n ig\u00e9nyelhet\u0151 k\u00fcls\u0151 partnereink \u00e1ltal v\u00e9gzett roncsol\u00e1sos \u00e9s roncsol\u00e1smentes anyagvizsg\u00e1lat, mellyel meg\u00e1llap\u00edthat\u00f3 az anyag \u00f6sszet\u00e9tele, szil\u00e1rds\u00e1ga, az anyagokban \u00e9s hegeszt\u00e9si varratokban el\u0151fordul\u00f3, els\u0151sorban s\u00edkszer\u0171 anom\u00e1lia, kimutathat\u00f3 a bels\u0151 anyaghi\u00e1ny \u00e9s z\u00e1rv\u00e1ny, az anyag falvastags\u00e1g\u00e1n \u00e1tmen\u0151 hiba.<\/p>\n\t\t\t\t\t\t\t\t<\/div>\n\t\t\t\t<\/div>\n\t\t\t\t<\/div>\n\t\t\t\t<\/div>\n\t\t\t\t<div data-elementor-type=\"loop-item\" data-elementor-id=\"663\" class=\"elementor elementor-663 e-loop-item e-loop-item-108 post-108 szolgaltatas type-szolgaltatas status-publish has-post-thumbnail hentry\" data-elementor-post-type=\"elementor_library\" data-custom-edit-handle=\"1\">\n\t\t\t<div data-dce-background-color=\"#FFFFFF00\" class=\"elementor-element elementor-element-a9cd464 e-con-full e-flex e-con e-parent\" data-id=\"a9cd464\" data-element_type=\"container\" data-settings=\"{&quot;background_background&quot;:&quot;classic&quot;}\">\n\t\t\t\t<div class=\"elementor-element elementor-element-4b6846b elementor-widget elementor-widget-heading\" data-id=\"4b6846b\" data-element_type=\"widget\" data-widget_type=\"heading.default\">\n\t\t\t\t<div class=\"elementor-widget-container\">\n\t\t\t\t\t<h2 class=\"elementor-heading-title elementor-size-default\">M\u0171bizonylatok<\/h2>\t\t\t\t<\/div>\n\t\t\t\t<\/div>\n\t\t\t\t<div class=\"elementor-element elementor-element-51dd016 elementor-widget elementor-widget-text-editor\" data-id=\"51dd016\" data-element_type=\"widget\" data-widget_type=\"text-editor.default\">\n\t\t\t\t<div class=\"elementor-widget-container\">\n\t\t\t\t\t\t\t\t\t<p>Sz\u00fcks\u00e9g eset\u00e9n, minden n\u00e1lunk v\u00e1s\u00e1rolt term\u00e9khez biztos\u00edtunk m\u0171bizonylatot.<\/p>\n\t\t\t\t\t\t\t\t<\/div>\n\t\t\t\t<\/div>\n\t\t\t\t<\/div>\n\t\t\t\t<\/div>\n\t\t\t\t<div data-elementor-type=\"loop-item\" data-elementor-id=\"663\" class=\"elementor elementor-663 e-loop-item e-loop-item-107 post-107 szolgaltatas type-szolgaltatas status-publish has-post-thumbnail hentry\" data-elementor-post-type=\"elementor_library\" data-custom-edit-handle=\"1\">\n\t\t\t<div data-dce-background-color=\"#FFFFFF00\" class=\"elementor-element elementor-element-a9cd464 e-con-full e-flex e-con e-parent\" data-id=\"a9cd464\" data-element_type=\"container\" data-settings=\"{&quot;background_background&quot;:&quot;classic&quot;}\">\n\t\t\t\t<div class=\"elementor-element elementor-element-4b6846b elementor-widget elementor-widget-heading\" data-id=\"4b6846b\" data-element_type=\"widget\" data-widget_type=\"heading.default\">\n\t\t\t\t<div class=\"elementor-widget-container\">\n\t\t\t\t\t<h2 class=\"elementor-heading-title elementor-size-default\">Kisz\u00e1ll\u00edt\u00e1s<\/h2>\t\t\t\t<\/div>\n\t\t\t\t<\/div>\n\t\t\t\t<div class=\"elementor-element elementor-element-51dd016 elementor-widget elementor-widget-text-editor\" data-id=\"51dd016\" data-element_type=\"widget\" data-widget_type=\"text-editor.default\">\n\t\t\t\t<div class=\"elementor-widget-container\">\n\t\t\t\t\t\t\t\t\t<p>Minden n\u00e1lunk v\u00e1s\u00e1rolt term\u00e9k kisz\u00e1ll\u00edt\u00e1sa k\u00e9rhet\u0151 az orsz\u00e1g teljes ter\u00fclet\u00e9re. Lehet\u0151s\u00e9g van munkaid\u0151n bel\u00fcl, adott id\u0151pontra k\u00e9rni a sz\u00e1ll\u00edt\u00e1st. 9 m\u00e9ter sz\u00e1lhosszig, egyszerre legfeljebb 6 tonna s\u00falyig saj\u00e1t g\u00e9pj\u00e1rm\u0171vel, ezen \u00e9rt\u00e9keket meghalad\u00f3an k\u00fcls\u0151 fuvarv\u00e1llal\u00f3 c\u00e9g ig\u00e9nybev\u00e9tel\u00e9vel oldjuk meg a fuvaroz\u00e1si feladatot.<\/p>\n\t\t\t\t\t\t\t\t<\/div>\n\t\t\t\t<\/div>\n\t\t\t\t<\/div>\n\t\t\t\t<\/div>\n\t\t\t\t<div data-elementor-type=\"loop-item\" data-elementor-id=\"663\" class=\"elementor elementor-663 e-loop-item e-loop-item-106 post-106 szolgaltatas type-szolgaltatas status-publish has-post-thumbnail hentry\" data-elementor-post-type=\"elementor_library\" data-custom-edit-handle=\"1\">\n\t\t\t<div data-dce-background-color=\"#FFFFFF00\" class=\"elementor-element elementor-element-a9cd464 e-con-full e-flex e-con e-parent\" data-id=\"a9cd464\" data-element_type=\"container\" data-settings=\"{&quot;background_background&quot;:&quot;classic&quot;}\">\n\t\t\t\t<div class=\"elementor-element elementor-element-4b6846b elementor-widget elementor-widget-heading\" data-id=\"4b6846b\" data-element_type=\"widget\" data-widget_type=\"heading.default\">\n\t\t\t\t<div class=\"elementor-widget-container\">\n\t\t\t\t\t<h2 class=\"elementor-heading-title elementor-size-default\">V\u00e1g\u00e1s<\/h2>\t\t\t\t<\/div>\n\t\t\t\t<\/div>\n\t\t\t\t<div class=\"elementor-element elementor-element-51dd016 elementor-widget elementor-widget-text-editor\" data-id=\"51dd016\" data-element_type=\"widget\" data-widget_type=\"text-editor.default\">\n\t\t\t\t<div class=\"elementor-widget-container\">\n\t\t\t\t\t\t\t\t\t<p>A 20 mm vagy ann\u00e1l nagyobb \u00e1tm\u00e9r\u0151j\u0171, melegen hengerelt k\u00f6rac\u00e9lokb\u00f3l a vev\u0151 ig\u00e9nyei szerinti darabot lev\u00e1gunk, \u00edgy nem sz\u00fcks\u00e9ges eg\u00e9sz sz\u00e1lat megv\u00e1s\u00e1rolni.<\/p>\n\t\t\t\t\t\t\t\t<\/div>\n\t\t\t\t<\/div>\n\t\t\t\t<\/div>\n\t\t\t\t<\/div>\n\t\t\t\t<div data-elementor-type=\"loop-item\" data-elementor-id=\"663\" class=\"elementor elementor-663 e-loop-item e-loop-item-102 post-102 szolgaltatas type-szolgaltatas status-publish has-post-thumbnail hentry\" data-elementor-post-type=\"elementor_library\" data-custom-edit-handle=\"1\">\n\t\t\t<div data-dce-background-color=\"#FFFFFF00\" class=\"elementor-element elementor-element-a9cd464 e-con-full e-flex e-con e-parent\" data-id=\"a9cd464\" data-element_type=\"container\" data-settings=\"{&quot;background_background&quot;:&quot;classic&quot;}\">\n\t\t\t\t<div class=\"elementor-element elementor-element-4b6846b elementor-widget elementor-widget-heading\" data-id=\"4b6846b\" data-element_type=\"widget\" data-widget_type=\"heading.default\">\n\t\t\t\t<div class=\"elementor-widget-container\">\n\t\t\t\t\t<h2 class=\"elementor-heading-title elementor-size-default\">Darabol\u00e1s<\/h2>\t\t\t\t<\/div>\n\t\t\t\t<\/div>\n\t\t\t\t<div class=\"elementor-element elementor-element-51dd016 elementor-widget elementor-widget-text-editor\" data-id=\"51dd016\" data-element_type=\"widget\" data-widget_type=\"text-editor.default\">\n\t\t\t\t<div class=\"elementor-widget-container\">\n\t\t\t\t\t\t\t\t\t<p>Minden n\u00e1lunk v\u00e1s\u00e1rolt term\u00e9k darabol\u00e1sa k\u00e9rhet\u0151, de a minimum rendelhet\u0151 mennyis\u00e9g megv\u00e1s\u00e1roland\u00f3. Ez sz\u00e1lanyagok eset\u00e9ben egy teljes sz\u00e1lat, t\u00e1bl\u00e1s anyagok eset\u00e9ben egy t\u00e1bl\u00e1t jelent. Ez a szolg\u00e1ltat\u00e1s az anyagok elsz\u00e1ll\u00edt\u00e1s\u00e1hoz, k\u00f6nnyebb kezelhet\u0151s\u00e9g\u00e9hez ny\u00fajt seg\u00edts\u00e9get.<\/p>\n\t\t\t\t\t\t\t\t<\/div>\n\t\t\t\t<\/div>\n\t\t\t\t<\/div>\n\t\t\t\t<\/div>\n\t\t\t\t<\/div>\n\t\t\n\t\t\t\t\t\t<\/div>\n\t\t\t\t<\/div>\n\t\t\t\t\t<\/div>\n\t\t\t\t<\/div>\n\t\t<div data-dce-background-color=\"#EFFBD9\" class=\"elementor-element elementor-element-40e7b8bc e-flex e-con-boxed e-con e-parent\" data-id=\"40e7b8bc\" data-element_type=\"container\" data-settings=\"{&quot;background_background&quot;:&quot;classic&quot;}\">\n\t\t\t\t\t<div class=\"e-con-inner\">\n\t\t<div class=\"elementor-element elementor-element-432fa9bf e-con-full e-flex e-con e-child\" data-id=\"432fa9bf\" data-element_type=\"container\">\n\t\t\t\t<div class=\"elementor-element elementor-element-41c8f085 elementor-widget elementor-widget-heading\" data-id=\"41c8f085\" data-element_type=\"widget\" data-widget_type=\"heading.default\">\n\t\t\t\t<div class=\"elementor-widget-container\">\n\t\t\t\t\t<h2 class=\"elementor-heading-title elementor-size-default\">L\u00e9pjen vel\u00fcnk kapcsolatba!<\/h2>\t\t\t\t<\/div>\n\t\t\t\t<\/div>\n\t\t\t\t<\/div>\n\t\t<div class=\"elementor-element elementor-element-610b3d05 e-con-full e-flex e-con e-child\" data-id=\"610b3d05\" data-element_type=\"container\">\n\t\t\t\t<div class=\"elementor-element elementor-element-2e49edd6 elementor-widget elementor-widget-text-editor\" data-id=\"2e49edd6\" data-element_type=\"widget\" data-widget_type=\"text-editor.default\">\n\t\t\t\t<div class=\"elementor-widget-container\">\n\t\t\t\t\t\t\t\t\tH\u00edvjon minket +36 20 33 40 669 vagy \u00edrjon \u00fczenetet a info@ironfem.hu e-mail c\u00edmre!\t\t\t\t\t\t\t\t<\/div>\n\t\t\t\t<\/div>\n\t\t\t\t<\/div>\n\t\t<div class=\"elementor-element elementor-element-782d5994 e-con-full e-flex e-con e-child\" data-id=\"782d5994\" data-element_type=\"container\">\n\t\t\t\t<div class=\"elementor-element elementor-element-3a65f6bb elementor-mobile-align-center elementor-widget elementor-widget-button\" data-id=\"3a65f6bb\" data-element_type=\"widget\" data-widget_type=\"button.default\">\n\t\t\t\t<div class=\"elementor-widget-container\">\n\t\t\t\t\t\t\t\t\t<div class=\"elementor-button-wrapper\">\n\t\t\t\t\t<a class=\"elementor-button elementor-button-link elementor-size-sm\" href=\"https:\/\/demo.stilldesign.net\/ironfem\/elerhetosegek\/\">\n\t\t\t\t\t\t<span class=\"elementor-button-content-wrapper\">\n\t\t\t\t\t\t\t\t\t<span class=\"elementor-button-text\">B\u0151vebben<\/span>\n\t\t\t\t\t<\/span>\n\t\t\t\t\t<\/a>\n\t\t\t\t<\/div>\n\t\t\t\t\t\t\t\t<\/div>\n\t\t\t\t<\/div>\n\t\t\t\t<\/div>\n\t\t\t\t\t<\/div>\n\t\t\t\t<\/div>\n\t\t\t\t<\/div>\n\t\t","protected":false},"excerpt":{"rendered":"<p>F\u0151oldal<\/p>\n","protected":false},"author":1,"featured_media":0,"parent":0,"menu_order":0,"comment_status":"closed","ping_status":"closed","template":"","meta":{"_acf_changed":false,"footnotes":""},"class_list":["post-447","page","type-page","status-publish","hentry"],"acf":[],"yoast_head":"<!-- This site is optimized with the Yoast SEO Premium plugin v24.3 (Yoast SEO v24.3) - https:\/\/yoast.com\/wordpress\/plugins\/seo\/ -->\n<title>Szolg\u00e1ltat\u00e1sok - Ironfem<\/title>\n<meta name=\"robots\" content=\"noindex, follow, max-snippet:-1, max-image-preview:large, max-video-preview:-1\" \/>\n<meta property=\"og:locale\" content=\"hu_HU\" \/>\n<meta property=\"og:type\" content=\"article\" \/>\n<meta property=\"og:title\" content=\"Szolg\u00e1ltat\u00e1sok\" \/>\n<meta property=\"og:description\" content=\"F\u0151oldal\" \/>\n<meta property=\"og:url\" content=\"https:\/\/demo.stilldesign.net\/ironfem\/szolgaltatasok\/\" \/>\n<meta property=\"og:site_name\" content=\"Ironfem\" \/>\n<meta property=\"article:modified_time\" content=\"2024-12-11T17:57:57+00:00\" \/>\n<meta name=\"twitter:card\" content=\"summary_large_image\" \/>\n<meta name=\"twitter:label1\" content=\"Becs\u00fclt olvas\u00e1si id\u0151\" \/>\n\t<meta name=\"twitter:data1\" content=\"2 perc\" \/>\n<script type=\"application\/ld+json\" class=\"yoast-schema-graph\">{\"@context\":\"https:\/\/schema.org\",\"@graph\":[{\"@type\":\"WebPage\",\"@id\":\"https:\/\/demo.stilldesign.net\/ironfem\/szolgaltatasok\/\",\"url\":\"https:\/\/demo.stilldesign.net\/ironfem\/szolgaltatasok\/\",\"name\":\"Szolg\u00e1ltat\u00e1sok - Ironfem\",\"isPartOf\":{\"@id\":\"https:\/\/demo.stilldesign.net\/ironfem\/#website\"},\"datePublished\":\"2024-03-09T08:17:03+00:00\",\"dateModified\":\"2024-12-11T17:57:57+00:00\",\"breadcrumb\":{\"@id\":\"https:\/\/demo.stilldesign.net\/ironfem\/szolgaltatasok\/#breadcrumb\"},\"inLanguage\":\"hu\",\"potentialAction\":[{\"@type\":\"ReadAction\",\"target\":[\"https:\/\/demo.stilldesign.net\/ironfem\/szolgaltatasok\/\"]}]},{\"@type\":\"BreadcrumbList\",\"@id\":\"https:\/\/demo.stilldesign.net\/ironfem\/szolgaltatasok\/#breadcrumb\",\"itemListElement\":[{\"@type\":\"ListItem\",\"position\":1,\"name\":\"Home\",\"item\":\"https:\/\/demo.stilldesign.net\/ironfem\/\"},{\"@type\":\"ListItem\",\"position\":2,\"name\":\"Szolg\u00e1ltat\u00e1sok\"}]},{\"@type\":\"WebSite\",\"@id\":\"https:\/\/demo.stilldesign.net\/ironfem\/#website\",\"url\":\"https:\/\/demo.stilldesign.net\/ironfem\/\",\"name\":\"Ironfem\",\"description\":\"\",\"potentialAction\":[{\"@type\":\"SearchAction\",\"target\":{\"@type\":\"EntryPoint\",\"urlTemplate\":\"https:\/\/demo.stilldesign.net\/ironfem\/?s={search_term_string}\"},\"query-input\":{\"@type\":\"PropertyValueSpecification\",\"valueRequired\":true,\"valueName\":\"search_term_string\"}}],\"inLanguage\":\"hu\"}]}<\/script>\n<!-- \/ Yoast SEO Premium plugin. -->","yoast_head_json":{"title":"Szolg\u00e1ltat\u00e1sok - Ironfem","robots":{"index":"noindex","follow":"follow","max-snippet":"max-snippet:-1","max-image-preview":"max-image-preview:large","max-video-preview":"max-video-preview:-1"},"og_locale":"hu_HU","og_type":"article","og_title":"Szolg\u00e1ltat\u00e1sok","og_description":"F\u0151oldal","og_url":"https:\/\/demo.stilldesign.net\/ironfem\/szolgaltatasok\/","og_site_name":"Ironfem","article_modified_time":"2024-12-11T17:57:57+00:00","twitter_card":"summary_large_image","twitter_misc":{"Becs\u00fclt olvas\u00e1si id\u0151":"2 perc"},"schema":{"@context":"https:\/\/schema.org","@graph":[{"@type":"WebPage","@id":"https:\/\/demo.stilldesign.net\/ironfem\/szolgaltatasok\/","url":"https:\/\/demo.stilldesign.net\/ironfem\/szolgaltatasok\/","name":"Szolg\u00e1ltat\u00e1sok - Ironfem","isPartOf":{"@id":"https:\/\/demo.stilldesign.net\/ironfem\/#website"},"datePublished":"2024-03-09T08:17:03+00:00","dateModified":"2024-12-11T17:57:57+00:00","breadcrumb":{"@id":"https:\/\/demo.stilldesign.net\/ironfem\/szolgaltatasok\/#breadcrumb"},"inLanguage":"hu","potentialAction":[{"@type":"ReadAction","target":["https:\/\/demo.stilldesign.net\/ironfem\/szolgaltatasok\/"]}]},{"@type":"BreadcrumbList","@id":"https:\/\/demo.stilldesign.net\/ironfem\/szolgaltatasok\/#breadcrumb","itemListElement":[{"@type":"ListItem","position":1,"name":"Home","item":"https:\/\/demo.stilldesign.net\/ironfem\/"},{"@type":"ListItem","position":2,"name":"Szolg\u00e1ltat\u00e1sok"}]},{"@type":"WebSite","@id":"https:\/\/demo.stilldesign.net\/ironfem\/#website","url":"https:\/\/demo.stilldesign.net\/ironfem\/","name":"Ironfem","description":"","potentialAction":[{"@type":"SearchAction","target":{"@type":"EntryPoint","urlTemplate":"https:\/\/demo.stilldesign.net\/ironfem\/?s={search_term_string}"},"query-input":{"@type":"PropertyValueSpecification","valueRequired":true,"valueName":"search_term_string"}}],"inLanguage":"hu"}]}},"_links":{"self":[{"href":"https:\/\/demo.stilldesign.net\/ironfem\/wp-json\/wp\/v2\/pages\/447","targetHints":{"allow":["GET"]}}],"collection":[{"href":"https:\/\/demo.stilldesign.net\/ironfem\/wp-json\/wp\/v2\/pages"}],"about":[{"href":"https:\/\/demo.stilldesign.net\/ironfem\/wp-json\/wp\/v2\/types\/page"}],"author":[{"embeddable":true,"href":"https:\/\/demo.stilldesign.net\/ironfem\/wp-json\/wp\/v2\/users\/1"}],"replies":[{"embeddable":true,"href":"https:\/\/demo.stilldesign.net\/ironfem\/wp-json\/wp\/v2\/comments?post=447"}],"version-history":[{"count":56,"href":"https:\/\/demo.stilldesign.net\/ironfem\/wp-json\/wp\/v2\/pages\/447\/revisions"}],"predecessor-version":[{"id":2510,"href":"https:\/\/demo.stilldesign.net\/ironfem\/wp-json\/wp\/v2\/pages\/447\/revisions\/2510"}],"wp:attachment":[{"href":"https:\/\/demo.stilldesign.net\/ironfem\/wp-json\/wp\/v2\/media?parent=447"}],"curies":[{"name":"wp","href":"https:\/\/api.w.org\/{rel}","templated":true}]}}