{"id":289,"date":"2024-03-07T19:00:26","date_gmt":"2024-03-07T18:00:26","guid":{"rendered":"https:\/\/demo.stilldesign.net\/ironfem\/?page_id=289"},"modified":"2024-06-25T19:34:44","modified_gmt":"2024-06-25T17:34:44","slug":"kapcsolat","status":"publish","type":"page","link":"https:\/\/demo.stilldesign.net\/ironfem\/kapcsolat\/","title":{"rendered":"Kapcsolat"},"content":{"rendered":"\t\t<div data-elementor-type=\"wp-page\" data-elementor-id=\"289\" class=\"elementor elementor-289\" data-elementor-post-type=\"page\">\n\t\t\t\t<div data-dce-background-image-url=\"https:\/\/demo.stilldesign.net\/ironfem\/wp-content\/uploads\/2024\/03\/ironfem-vas-acel-kiskereskedelem-nagykereskedelem-aru-mozgatas.jpeg\" class=\"elementor-element elementor-element-51f1b928 e-flex e-con-boxed e-con e-parent\" data-id=\"51f1b928\" data-element_type=\"container\" data-settings=\"{&quot;background_background&quot;:&quot;classic&quot;}\">\n\t\t\t\t\t<div class=\"e-con-inner\">\n\t\t\t\t<div class=\"elementor-element elementor-element-768507e elementor-widget elementor-widget-spacer\" data-id=\"768507e\" data-element_type=\"widget\" data-widget_type=\"spacer.default\">\n\t\t\t\t<div class=\"elementor-widget-container\">\n\t\t\t\t\t\t\t<div class=\"elementor-spacer\">\n\t\t\t<div class=\"elementor-spacer-inner\"><\/div>\n\t\t<\/div>\n\t\t\t\t\t\t<\/div>\n\t\t\t\t<\/div>\n\t\t\t\t<div class=\"elementor-element elementor-element-98a1459 elementor-widget elementor-widget-spacer\" data-id=\"98a1459\" data-element_type=\"widget\" data-widget_type=\"spacer.default\">\n\t\t\t\t<div class=\"elementor-widget-container\">\n\t\t\t\t\t\t\t<div class=\"elementor-spacer\">\n\t\t\t<div class=\"elementor-spacer-inner\"><\/div>\n\t\t<\/div>\n\t\t\t\t\t\t<\/div>\n\t\t\t\t<\/div>\n\t\t\t\t\t<\/div>\n\t\t\t\t<\/div>\n\t\t<div data-dce-background-color=\"#3E362E\" class=\"elementor-element elementor-element-18564d9 e-flex e-con-boxed e-con e-parent\" data-id=\"18564d9\" data-element_type=\"container\" data-settings=\"{&quot;background_background&quot;:&quot;classic&quot;}\">\n\t\t\t\t\t<div class=\"e-con-inner\">\n\t\t\t\t<div class=\"elementor-element elementor-element-84c978b elementor-widget elementor-widget-jet-breadcrumbs\" data-id=\"84c978b\" data-element_type=\"widget\" data-widget_type=\"jet-breadcrumbs.default\">\n\t\t\t\t<div class=\"elementor-widget-container\">\n\t\t\t\t\t<div class=\"elementor-jet-breadcrumbs jet-blocks\">\n\t\t<div class=\"jet-breadcrumbs\">\n\t\t<div class=\"jet-breadcrumbs__content\">\n\t\t<div class=\"jet-breadcrumbs__wrap\"><div class=\"jet-breadcrumbs__item\"><a href=\"https:\/\/demo.stilldesign.net\/ironfem\/\" class=\"jet-breadcrumbs__item-link is-home\" rel=\"home\" title=\"F\u0151oldal\">F\u0151oldal<\/a><\/div>\n\t\t<\/div>\n\t\t<\/div>\n\t\t<\/div><\/div>\t\t\t\t<\/div>\n\t\t\t\t<\/div>\n\t\t\t\t\t<\/div>\n\t\t\t\t<\/div>\n\t\t<div data-dce-background-color=\"#3E362E\" class=\"elementor-element elementor-element-12ade95e e-flex e-con-boxed e-con e-parent\" data-id=\"12ade95e\" data-element_type=\"container\" data-settings=\"{&quot;background_background&quot;:&quot;classic&quot;}\">\n\t\t\t\t\t<div class=\"e-con-inner\">\n\t\t<div class=\"elementor-element elementor-element-5afcc9d3 e-con-full e-flex e-con e-child\" data-id=\"5afcc9d3\" data-element_type=\"container\">\n\t\t\t\t<div class=\"elementor-element elementor-element-71ec9602 elementor-widget elementor-widget-heading\" data-id=\"71ec9602\" data-element_type=\"widget\" data-widget_type=\"heading.default\">\n\t\t\t\t<div class=\"elementor-widget-container\">\n\t\t\t\t\t<h2 class=\"elementor-heading-title elementor-size-default\">K\u00e9rd\u00e9sed van?<\/h2>\t\t\t\t<\/div>\n\t\t\t\t<\/div>\n\t\t\t\t<div class=\"elementor-element elementor-element-3d7b4bcd elementor-widget elementor-widget-heading\" data-id=\"3d7b4bcd\" data-element_type=\"widget\" data-widget_type=\"heading.default\">\n\t\t\t\t<div class=\"elementor-widget-container\">\n\t\t\t\t\t<h2 class=\"elementor-heading-title elementor-size-default\">Munkat\u00e1rsaink seg\u00edtenek!<\/h2>\t\t\t\t<\/div>\n\t\t\t\t<\/div>\n\t\t\t\t<div class=\"elementor-element elementor-element-2f7b3b63 elementor-widget elementor-widget-text-editor\" data-id=\"2f7b3b63\" data-element_type=\"widget\" data-widget_type=\"text-editor.default\">\n\t\t\t\t<div class=\"elementor-widget-container\">\n\t\t\t\t\t\t\t\t\t<p>Lorem IpsumLorem Ipsu Lorem IpsumLorem Ipsum Lorem Ipsum<\/p>\n\t\t\t\t\t\t\t\t<\/div>\n\t\t\t\t<\/div>\n\t\t\t\t<div class=\"elementor-element elementor-element-610d0443 elementor-widget elementor-widget-heading\" data-id=\"610d0443\" data-element_type=\"widget\" data-widget_type=\"heading.default\">\n\t\t\t\t<div class=\"elementor-widget-container\">\n\t\t\t\t\t<h2 class=\"elementor-heading-title elementor-size-default\">C\u00e9gadatok<\/h2>\t\t\t\t<\/div>\n\t\t\t\t<\/div>\n\t\t\t\t<div class=\"elementor-element elementor-element-39adb7d6 elementor-widget elementor-widget-text-editor\" data-id=\"39adb7d6\" data-element_type=\"widget\" data-widget_type=\"text-editor.default\">\n\t\t\t\t<div class=\"elementor-widget-container\">\n\t\t\t\t\t\t\t\t\t2120 Dunakeszi, \u00d3ce\u00e1n-\u00e1rok utca 8.\t\t\t\t\t\t\t\t<\/div>\n\t\t\t\t<\/div>\n\t\t\t\t<div class=\"elementor-element elementor-element-7651cab7 elementor-widget elementor-widget-heading\" data-id=\"7651cab7\" data-element_type=\"widget\" data-widget_type=\"heading.default\">\n\t\t\t\t<div class=\"elementor-widget-container\">\n\t\t\t\t\t<h2 class=\"elementor-heading-title elementor-size-default\">Telephely<\/h2>\t\t\t\t<\/div>\n\t\t\t\t<\/div>\n\t\t\t\t<div class=\"elementor-element elementor-element-286a0be9 elementor-widget elementor-widget-text-editor\" data-id=\"286a0be9\" data-element_type=\"widget\" data-widget_type=\"text-editor.default\">\n\t\t\t\t<div class=\"elementor-widget-container\">\n\t\t\t\t\t\t\t\t\t2120 Dunakeszi, \u00d3ce\u00e1n-\u00e1rok utca 8.\t\t\t\t\t\t\t\t<\/div>\n\t\t\t\t<\/div>\n\t\t\t\t<div class=\"elementor-element elementor-element-f52de59 elementor-widget elementor-widget-heading\" data-id=\"f52de59\" data-element_type=\"widget\" data-widget_type=\"heading.default\">\n\t\t\t\t<div class=\"elementor-widget-container\">\n\t\t\t\t\t<h2 class=\"elementor-heading-title elementor-size-default\">Nyitvatart\u00e1s<\/h2>\t\t\t\t<\/div>\n\t\t\t\t<\/div>\n\t\t<div class=\"elementor-element elementor-element-2fb28df e-flex e-con-boxed e-con e-child\" data-id=\"2fb28df\" data-element_type=\"container\">\n\t\t\t\t\t<div class=\"e-con-inner\">\n\t\t\t\t<div class=\"dce-fix-background-loop elementor-element elementor-element-856fc3f elementor-widget__width-inherit elementor-widget elementor-widget-dce-acf-repeater-v2\" data-id=\"856fc3f\" data-element_type=\"widget\" data-settings=\"{&quot;dce_acf_repeater_format&quot;:&quot;table&quot;}\" data-widget_type=\"dce-acf-repeater-v2.default\">\n\t\t\t\t<div class=\"elementor-widget-container\">\n\t\t\t\t\t<div class=\"dce-acf-repeater\"><table class=\"dce-acf-repeater-table\"><thead><\/thead><\/table><\/div>\t\t\t\t<\/div>\n\t\t\t\t<\/div>\n\t\t\t\t\t<\/div>\n\t\t\t\t<\/div>\n\t\t\t\t<\/div>\n\t\t<div data-dce-background-color=\"#FFFFFF\" class=\"elementor-element elementor-element-5240e26b e-con-full e-flex e-con e-child\" data-id=\"5240e26b\" data-element_type=\"container\" data-settings=\"{&quot;background_background&quot;:&quot;classic&quot;}\">\n\t\t\t\t<div class=\"elementor-element elementor-element-a74b7c2 elementor-widget elementor-widget-heading\" data-id=\"a74b7c2\" data-element_type=\"widget\" data-widget_type=\"heading.default\">\n\t\t\t\t<div class=\"elementor-widget-container\">\n\t\t\t\t\t<h2 class=\"elementor-heading-title elementor-size-default\">\u00dczenetet k\u00fcld\u00f6k!<\/h2>\t\t\t\t<\/div>\n\t\t\t\t<\/div>\n\t\t\t\t<div class=\"elementor-element elementor-element-f0a5e39 elementor-widget elementor-widget-shortcode\" data-id=\"f0a5e39\" data-element_type=\"widget\" data-widget_type=\"shortcode.default\">\n\t\t\t\t<div class=\"elementor-widget-container\">\n\t\t\t\t\t\t\t<div class=\"elementor-shortcode\"><div class='fluentform ff-default fluentform_wrapper_5 ffs_custom_wrap'><form data-form_id=\"5\" id=\"fluentform_5\" class=\"frm-fluent-form fluent_form_5 ff-el-form-top ff_form_instance_5_1 ff-form-loading ffs_custom\" data-form_instance=\"ff_form_instance_5_1\" method=\"POST\" ><fieldset  style=\"border: none!important;margin: 0!important;padding: 0!important;background-color: transparent!important;box-shadow: none!important;outline: none!important; min-inline-size: 100%;\">\n                    <legend class=\"ff_screen_reader_title\" style=\"display: block; margin: 0!important;padding: 0!important;height: 0!important;text-indent: -999999px;width: 0!important;overflow:hidden;\">Kapcsolat<\/legend><input type='hidden' name='__fluent_form_embded_post_id' value='289' \/><input type=\"hidden\" id=\"_fluentform_5_fluentformnonce\" name=\"_fluentform_5_fluentformnonce\" value=\"2245071509\" \/><input type=\"hidden\" name=\"_wp_http_referer\" value=\"\/ironfem\/wp-json\/wp\/v2\/pages\/289\" \/><div data-type=\"name-element\" data-name=\"names\" class=\" ff-field_container ff-name-field-wrapper\" ><div class='ff-t-container'><div class='ff-t-cell '><div class='ff-el-group  ff-el-form-top'><div class=\"ff-el-input--label ff-el-is-required asterisk-right\"><label for='ff_5_names_last_name_' >N\u00e9v<\/label><\/div><div class='ff-el-input--content'><input type=\"text\" name=\"names[last_name]\" id=\"ff_5_names_last_name_\" class=\"ff-el-form-control\" placeholder=\"N\u00e9v\" aria-invalid=\"false\" aria-required=true><\/div><\/div><\/div><\/div><\/div><div data-type=\"name-element\" data-name=\"names_1\" class=\" ff-field_container ff-name-field-wrapper\" ><div class='ff-t-container'><div class='ff-t-cell '><div class='ff-el-group  ff-el-form-top'><div class=\"ff-el-input--label ff-el-is-required asterisk-right\"><label for='ff_5_names_1_first_name_' >C\u00e9gn\u00e9v<\/label><\/div><div class='ff-el-input--content'><input type=\"text\" name=\"names_1[first_name]\" id=\"ff_5_names_1_first_name_\" class=\"ff-el-form-control\" placeholder=\"C\u00e9gn\u00e9v\" aria-invalid=\"false\" aria-required=true><\/div><\/div><\/div><\/div><\/div><div class='ff-el-group'><div class=\"ff-el-input--label ff-el-is-required asterisk-right\"><label for='ff_5_email' aria-label=\"Email\">Email<\/label><\/div><div class='ff-el-input--content'><input type=\"email\" name=\"email\" id=\"ff_5_email\" class=\"ff-el-form-control\" placeholder=\"Email\" data-name=\"email\"  aria-invalid=\"false\" aria-required=true><\/div><\/div><div class='ff-el-group'><div class=\"ff-el-input--label ff-el-is-required asterisk-right\"><label for='ff_5_description' aria-label=\"\u00dczenet\">\u00dczenet<\/label><\/div><div class='ff-el-input--content'><textarea aria-invalid=\"false\" aria-required=true name=\"description\" id=\"ff_5_description\" class=\"ff-el-form-control\" rows=\"4\" cols=\"2\" data-name=\"description\" ><\/textarea><\/div><\/div><div class='ff-el-group    ff-el-input--content'><div class='ff-el-form-check ff-el-tc'><label aria-label='Elolvastam \u00e9s elfogadom az Adatkezel\u00e9si t\u00e1j\u00e9koztat\u00f3t.' class='ff-el-form-check-label ff_tc_label' for=terms-n-condition_23299ab08e02848bec3027558c7ea873><span class='ff_tc_checkbox'><input type=\"checkbox\" name=\"terms-n-condition\" class=\"ff-el-form-check-input\" data-name=\"terms-n-condition\" id=\"terms-n-condition_23299ab08e02848bec3027558c7ea873\"  value='on' aria-invalid='false' aria-required=false><\/span> <div class='ff_t_c'><p>Elolvastam \u00e9s elfogadom az Adatkezel\u00e9si t\u00e1j\u00e9koztat\u00f3t.<\/p><\/div><\/label><\/div><\/div><div class='ff-el-group ff-text-center ff_submit_btn_wrapper ff_submit_btn_wrapper_custom'><button class=\"ff-btn ff-btn-submit ff-btn-md ff_btn_style wpf_has_custom_css\" type=\"submit\" name=\"custom_submit_button-5_1\" data-name=\"custom_submit_button-5_1\" >K\u00fcld\u00e9s<\/button><style>form.fluent_form_5 .wpf_has_custom_css.ff-btn-submit { background-color:rgba(62, 54, 46, 1);border-color:rgba(255, 255, 255, 1);color:#ffffff;min-width:100%; }form.fluent_form_5 .wpf_has_custom_css.ff-btn-submit:hover { background-color:rgba(62, 54, 46, 1);border-color:rgba(62, 54, 46, 1);color:#FFFFFF;min-width:100%; } <\/style><\/div><\/fieldset><\/form><div id='fluentform_5_errors' class='ff-errors-in-stack ff_form_instance_5_1 ff-form-loading_errors ff_form_instance_5_1_errors'><\/div><\/div>        <script type=\"text\/javascript\">\n            window.fluent_form_ff_form_instance_5_1 = {\"id\":\"5\",\"settings\":{\"layout\":{\"labelPlacement\":\"top\",\"helpMessagePlacement\":\"with_label\",\"errorMessagePlacement\":\"inline\",\"cssClassName\":\"\",\"asteriskPlacement\":\"asterisk-right\"},\"restrictions\":{\"denyEmptySubmission\":{\"enabled\":false}}},\"form_instance\":\"ff_form_instance_5_1\",\"form_id_selector\":\"fluentform_5\",\"rules\":{\"names[first_name]\":{\"required\":{\"value\":false,\"message\":\"This field is required\",\"global_message\":\"This field is required\",\"global\":true}},\"names[middle_name]\":{\"required\":{\"value\":false,\"message\":\"This field is required\",\"global_message\":\"This field is required\",\"global\":true}},\"names[last_name]\":{\"required\":{\"value\":true,\"message\":\"This field is required\",\"global_message\":\"This field is required\",\"global\":true}},\"names_1[first_name]\":{\"required\":{\"value\":true,\"message\":\"This field is required\",\"global_message\":\"This field is required\",\"global\":true}},\"names_1[middle_name]\":{\"required\":{\"value\":false,\"message\":\"This field is required\",\"global_message\":\"This field is required\",\"global\":true}},\"names_1[last_name]\":{\"required\":{\"value\":false,\"message\":\"This field is required\",\"global_message\":\"This field is required\",\"global\":true}},\"email\":{\"required\":{\"value\":true,\"message\":\"This field is required\",\"global_message\":\"This field is required\",\"global\":true},\"email\":{\"value\":true,\"message\":\"This field must contain a valid email\",\"global_message\":\"This field must contain a valid email\",\"global\":true}},\"description\":{\"required\":{\"value\":true,\"message\":\"This field is required\",\"global_message\":\"This field is required\",\"global\":true}},\"terms-n-condition\":{\"required\":{\"value\":false,\"message\":\"This field is required\",\"global_message\":\"This field is required\",\"global\":true}}},\"debounce_time\":300,\"conditionals\":{\"names_1\":{\"type\":\"any\",\"status\":true,\"conditions\":[{\"field\":\"\",\"value\":\"\",\"operator\":\"\"}]}}};\n                    <\/script>\n        <\/div>\n\t\t\t\t\t\t<\/div>\n\t\t\t\t<\/div>\n\t\t\t\t<\/div>\n\t\t\t\t\t<\/div>\n\t\t\t\t<\/div>\n\t\t<div data-dce-background-color=\"#3E362E\" class=\"elementor-element elementor-element-445cf579 e-con-full e-flex e-con e-parent\" data-id=\"445cf579\" data-element_type=\"container\" data-settings=\"{&quot;background_background&quot;:&quot;classic&quot;}\">\n\t\t\t\t<div class=\"elementor-element elementor-element-371b4458 elementor-widget elementor-widget-heading\" data-id=\"371b4458\" data-element_type=\"widget\" data-widget_type=\"heading.default\">\n\t\t\t\t<div class=\"elementor-widget-container\">\n\t\t\t\t\t<h2 class=\"elementor-heading-title elementor-size-default\">Munkat\u00e1rsaink<\/h2>\t\t\t\t<\/div>\n\t\t\t\t<\/div>\n\t\t\t\t<div class=\"dce-fix-background-loop elementor-element elementor-element-2ee02850 elementor-widget elementor-widget-dce-acf-repeater-v2\" data-id=\"2ee02850\" data-element_type=\"widget\" data-settings=\"{&quot;dce_acf_repeater_format&quot;:&quot;grid&quot;}\" data-widget_type=\"dce-acf-repeater-v2.default\">\n\t\t\t\t<div class=\"elementor-widget-container\">\n\t\t\t\t\t<div class=\"dce-acf-repeater\"><div class=\"dce-acf-repeater-grid\"><\/div><\/div>\t\t\t\t<\/div>\n\t\t\t\t<\/div>\n\t\t\t\t<div class=\"elementor-element elementor-element-6d9a689 elementor-widget elementor-widget-heading\" data-id=\"6d9a689\" data-element_type=\"widget\" data-widget_type=\"heading.default\">\n\t\t\t\t<div class=\"elementor-widget-container\">\n\t\t\t\t\t<h2 class=\"elementor-heading-title elementor-size-default\">Fizet\u00e9si lehet\u0151s\u00e9gek<\/h2>\t\t\t\t<\/div>\n\t\t\t\t<\/div>\n\t\t\t\t<div class=\"elementor-element elementor-element-a91a33e elementor-widget elementor-widget-text-editor\" data-id=\"a91a33e\" data-element_type=\"widget\" data-widget_type=\"text-editor.default\">\n\t\t\t\t<div class=\"elementor-widget-container\">\n\t\t\t\t\t\t\t\t\t<p><strong>K\u00e9szp\u00e9nz<\/strong><br \/>\nA k\u00e9szp\u00e9nzzel t\u00f6rt\u00e9n\u0151 fizet\u00e9s napt\u00e1ri h\u00f3naponk\u00e9nt \u00e9s ad\u00f3z\u00f3k\u00e9nt nem haladhatja meg a 1,5 milli\u00f3 forintot. [2003 \u00e9vi XCVII. t\u00f6rv\u00e9ny 38. \u00a7 (3a))]<\/p>\n<p><strong>Bankk\u00e1rty\u00e1s fizet\u00e9s<\/strong><br \/>\nEl\u0151re utal\u00e1s (Banksz\u00e1mlasz\u00e1m: 11742104-20055284)<\/p>\n\t\t\t\t\t\t\t\t<\/div>\n\t\t\t\t<\/div>\n\t\t\t\t<\/div>\n\t\t<div data-dce-background-color=\"#3E362E\" class=\"elementor-element elementor-element-5c1ec5c8 e-con-full terkep-container e-flex e-con e-parent\" data-id=\"5c1ec5c8\" data-element_type=\"container\" id=\"terkep-container\" data-settings=\"{&quot;background_background&quot;:&quot;classic&quot;}\">\n\t\t\t\t<div class=\"elementor-element elementor-element-713335d4 elementor-widget__width-inherit terkep elementor-widget elementor-widget-google_maps\" data-id=\"713335d4\" data-element_type=\"widget\" id=\"terkep\" data-widget_type=\"google_maps.default\">\n\t\t\t\t<div class=\"elementor-widget-container\">\n\t\t\t\t\t\t\t<div class=\"elementor-custom-embed\">\n\t\t\t<iframe loading=\"lazy\"\n\t\t\t\t\tsrc=\"https:\/\/maps.google.com\/maps?q=2120%20Dunakeszi%2C%20%C3%93ce%C3%A1n-%C3%A1rok%20utca%208.&#038;t=m&#038;z=9&#038;output=embed&#038;iwloc=near\"\n\t\t\t\t\ttitle=\"2120 Dunakeszi, \u00d3ce\u00e1n-\u00e1rok utca 8.\"\n\t\t\t\t\taria-label=\"2120 Dunakeszi, \u00d3ce\u00e1n-\u00e1rok utca 8.\"\n\t\t\t><\/iframe>\n\t\t<\/div>\n\t\t\t\t\t\t<\/div>\n\t\t\t\t<\/div>\n\t\t\t\t<\/div>\n\t\t\t\t<\/div>\n\t\t","protected":false},"excerpt":{"rendered":"<p>F\u0151oldal C\u00e9gadatok Telephely Nyitvatart\u00e1s NapId\u0151s\u00e1v\u00c1rukiad\u00e1s H\u00e9tf\u0151-Cs\u00fct\u00f6rt\u00f6k 7.00-15.30 7.00-15.00 P\u00e9ntek 7.00-15.30 7.00-13.30 Szombat-Vas\u00e1rnap Z\u00e1rva \u00dcnnepnapokon Z\u00e1rva \u00dczenetet k\u00fcld\u00f6k! Munkat\u00e1rsaink Kereskedelem Czvetk\u00f3 L\u00e1szl\u00f3n\u00e9 babi.czvetkone@ironfem.hu +36 20 96 69 259 Kereskedelem Sallai G\u00e9z\u00e1n\u00e9 kata.sallaine@ironfem.hu +36 20 96 69 186 Kereskedelem Fejes Adrienne ironfem@gmail.com +36 20 96 69 969 Kereskedelem Szab\u00f3 Gergely gergely.szabo@ironfem.hu +36 20 96 69 394 P\u00e9nz\u00fcgy [&hellip;]<\/p>\n","protected":false},"author":1,"featured_media":0,"parent":0,"menu_order":0,"comment_status":"closed","ping_status":"closed","template":"","meta":{"_acf_changed":false,"footnotes":""},"class_list":["post-289","page","type-page","status-publish","hentry"],"acf":[],"yoast_head":"<!-- This site is optimized with the Yoast SEO Premium plugin v24.3 (Yoast SEO v24.3) - https:\/\/yoast.com\/wordpress\/plugins\/seo\/ -->\n<title>Kapcsolat - Ironfem<\/title>\n<meta name=\"robots\" content=\"noindex, follow, max-snippet:-1, max-image-preview:large, max-video-preview:-1\" \/>\n<meta property=\"og:locale\" content=\"hu_HU\" \/>\n<meta property=\"og:type\" content=\"article\" \/>\n<meta property=\"og:title\" content=\"Kapcsolat\" \/>\n<meta property=\"og:description\" content=\"F\u0151oldal C\u00e9gadatok Telephely Nyitvatart\u00e1s NapId\u0151s\u00e1v\u00c1rukiad\u00e1s H\u00e9tf\u0151-Cs\u00fct\u00f6rt\u00f6k 7.00-15.30 7.00-15.00 P\u00e9ntek 7.00-15.30 7.00-13.30 Szombat-Vas\u00e1rnap Z\u00e1rva \u00dcnnepnapokon Z\u00e1rva \u00dczenetet k\u00fcld\u00f6k! Munkat\u00e1rsaink Kereskedelem Czvetk\u00f3 L\u00e1szl\u00f3n\u00e9 babi.czvetkone@ironfem.hu +36 20 96 69 259 Kereskedelem Sallai G\u00e9z\u00e1n\u00e9 kata.sallaine@ironfem.hu +36 20 96 69 186 Kereskedelem Fejes Adrienne ironfem@gmail.com +36 20 96 69 969 Kereskedelem Szab\u00f3 Gergely gergely.szabo@ironfem.hu +36 20 96 69 394 P\u00e9nz\u00fcgy [&hellip;]\" \/>\n<meta property=\"og:url\" content=\"https:\/\/demo.stilldesign.net\/ironfem\/kapcsolat\/\" \/>\n<meta property=\"og:site_name\" content=\"Ironfem\" \/>\n<meta property=\"article:modified_time\" content=\"2024-06-25T17:34:44+00:00\" \/>\n<meta name=\"twitter:card\" content=\"summary_large_image\" \/>\n<meta name=\"twitter:label1\" content=\"Becs\u00fclt olvas\u00e1si id\u0151\" \/>\n\t<meta name=\"twitter:data1\" content=\"1 perc\" \/>\n<script type=\"application\/ld+json\" class=\"yoast-schema-graph\">{\"@context\":\"https:\/\/schema.org\",\"@graph\":[{\"@type\":\"WebPage\",\"@id\":\"https:\/\/demo.stilldesign.net\/ironfem\/kapcsolat\/\",\"url\":\"https:\/\/demo.stilldesign.net\/ironfem\/kapcsolat\/\",\"name\":\"Kapcsolat - Ironfem\",\"isPartOf\":{\"@id\":\"https:\/\/demo.stilldesign.net\/ironfem\/#website\"},\"datePublished\":\"2024-03-07T18:00:26+00:00\",\"dateModified\":\"2024-06-25T17:34:44+00:00\",\"breadcrumb\":{\"@id\":\"https:\/\/demo.stilldesign.net\/ironfem\/kapcsolat\/#breadcrumb\"},\"inLanguage\":\"hu\",\"potentialAction\":[{\"@type\":\"ReadAction\",\"target\":[\"https:\/\/demo.stilldesign.net\/ironfem\/kapcsolat\/\"]}]},{\"@type\":\"BreadcrumbList\",\"@id\":\"https:\/\/demo.stilldesign.net\/ironfem\/kapcsolat\/#breadcrumb\",\"itemListElement\":[{\"@type\":\"ListItem\",\"position\":1,\"name\":\"Home\",\"item\":\"https:\/\/demo.stilldesign.net\/ironfem\/\"},{\"@type\":\"ListItem\",\"position\":2,\"name\":\"Kapcsolat\"}]},{\"@type\":\"WebSite\",\"@id\":\"https:\/\/demo.stilldesign.net\/ironfem\/#website\",\"url\":\"https:\/\/demo.stilldesign.net\/ironfem\/\",\"name\":\"Ironfem\",\"description\":\"\",\"potentialAction\":[{\"@type\":\"SearchAction\",\"target\":{\"@type\":\"EntryPoint\",\"urlTemplate\":\"https:\/\/demo.stilldesign.net\/ironfem\/?s={search_term_string}\"},\"query-input\":{\"@type\":\"PropertyValueSpecification\",\"valueRequired\":true,\"valueName\":\"search_term_string\"}}],\"inLanguage\":\"hu\"}]}<\/script>\n<!-- \/ Yoast SEO Premium plugin. -->","yoast_head_json":{"title":"Kapcsolat - Ironfem","robots":{"index":"noindex","follow":"follow","max-snippet":"max-snippet:-1","max-image-preview":"max-image-preview:large","max-video-preview":"max-video-preview:-1"},"og_locale":"hu_HU","og_type":"article","og_title":"Kapcsolat","og_description":"F\u0151oldal C\u00e9gadatok Telephely Nyitvatart\u00e1s NapId\u0151s\u00e1v\u00c1rukiad\u00e1s H\u00e9tf\u0151-Cs\u00fct\u00f6rt\u00f6k 7.00-15.30 7.00-15.00 P\u00e9ntek 7.00-15.30 7.00-13.30 Szombat-Vas\u00e1rnap Z\u00e1rva \u00dcnnepnapokon Z\u00e1rva \u00dczenetet k\u00fcld\u00f6k! Munkat\u00e1rsaink Kereskedelem Czvetk\u00f3 L\u00e1szl\u00f3n\u00e9 babi.czvetkone@ironfem.hu +36 20 96 69 259 Kereskedelem Sallai G\u00e9z\u00e1n\u00e9 kata.sallaine@ironfem.hu +36 20 96 69 186 Kereskedelem Fejes Adrienne ironfem@gmail.com +36 20 96 69 969 Kereskedelem Szab\u00f3 Gergely gergely.szabo@ironfem.hu +36 20 96 69 394 P\u00e9nz\u00fcgy [&hellip;]","og_url":"https:\/\/demo.stilldesign.net\/ironfem\/kapcsolat\/","og_site_name":"Ironfem","article_modified_time":"2024-06-25T17:34:44+00:00","twitter_card":"summary_large_image","twitter_misc":{"Becs\u00fclt olvas\u00e1si id\u0151":"1 perc"},"schema":{"@context":"https:\/\/schema.org","@graph":[{"@type":"WebPage","@id":"https:\/\/demo.stilldesign.net\/ironfem\/kapcsolat\/","url":"https:\/\/demo.stilldesign.net\/ironfem\/kapcsolat\/","name":"Kapcsolat - Ironfem","isPartOf":{"@id":"https:\/\/demo.stilldesign.net\/ironfem\/#website"},"datePublished":"2024-03-07T18:00:26+00:00","dateModified":"2024-06-25T17:34:44+00:00","breadcrumb":{"@id":"https:\/\/demo.stilldesign.net\/ironfem\/kapcsolat\/#breadcrumb"},"inLanguage":"hu","potentialAction":[{"@type":"ReadAction","target":["https:\/\/demo.stilldesign.net\/ironfem\/kapcsolat\/"]}]},{"@type":"BreadcrumbList","@id":"https:\/\/demo.stilldesign.net\/ironfem\/kapcsolat\/#breadcrumb","itemListElement":[{"@type":"ListItem","position":1,"name":"Home","item":"https:\/\/demo.stilldesign.net\/ironfem\/"},{"@type":"ListItem","position":2,"name":"Kapcsolat"}]},{"@type":"WebSite","@id":"https:\/\/demo.stilldesign.net\/ironfem\/#website","url":"https:\/\/demo.stilldesign.net\/ironfem\/","name":"Ironfem","description":"","potentialAction":[{"@type":"SearchAction","target":{"@type":"EntryPoint","urlTemplate":"https:\/\/demo.stilldesign.net\/ironfem\/?s={search_term_string}"},"query-input":{"@type":"PropertyValueSpecification","valueRequired":true,"valueName":"search_term_string"}}],"inLanguage":"hu"}]}},"_links":{"self":[{"href":"https:\/\/demo.stilldesign.net\/ironfem\/wp-json\/wp\/v2\/pages\/289","targetHints":{"allow":["GET"]}}],"collection":[{"href":"https:\/\/demo.stilldesign.net\/ironfem\/wp-json\/wp\/v2\/pages"}],"about":[{"href":"https:\/\/demo.stilldesign.net\/ironfem\/wp-json\/wp\/v2\/types\/page"}],"author":[{"embeddable":true,"href":"https:\/\/demo.stilldesign.net\/ironfem\/wp-json\/wp\/v2\/users\/1"}],"replies":[{"embeddable":true,"href":"https:\/\/demo.stilldesign.net\/ironfem\/wp-json\/wp\/v2\/comments?post=289"}],"version-history":[{"count":245,"href":"https:\/\/demo.stilldesign.net\/ironfem\/wp-json\/wp\/v2\/pages\/289\/revisions"}],"predecessor-version":[{"id":1829,"href":"https:\/\/demo.stilldesign.net\/ironfem\/wp-json\/wp\/v2\/pages\/289\/revisions\/1829"}],"wp:attachment":[{"href":"https:\/\/demo.stilldesign.net\/ironfem\/wp-json\/wp\/v2\/media?parent=289"}],"curies":[{"name":"wp","href":"https:\/\/api.w.org\/{rel}","templated":true}]}}