{"id":2524,"date":"2025-02-26T19:23:48","date_gmt":"2025-02-26T18:23:48","guid":{"rendered":"https:\/\/demo.stilldesign.net\/ironfem\/?page_id=2524"},"modified":"2025-02-26T19:48:32","modified_gmt":"2025-02-26T18:48:32","slug":"termeklista","status":"publish","type":"page","link":"https:\/\/demo.stilldesign.net\/ironfem\/termeklista\/","title":{"rendered":"Term\u00e9klista"},"content":{"rendered":"\t\t<div data-elementor-type=\"wp-page\" data-elementor-id=\"2524\" class=\"elementor elementor-2524\" data-elementor-post-type=\"page\">\n\t\t\t\t<div data-dce-background-image-url=\"https:\/\/demo.stilldesign.net\/ironfem\/wp-content\/uploads\/2024\/03\/ironfem-vas-acel-kiskereskedelem-nagykereskedelem-acelcso.jpeg\" class=\"elementor-element elementor-element-d901a7e e-con-full e-flex e-con e-parent\" data-id=\"d901a7e\" data-element_type=\"container\" data-settings=\"{&quot;background_background&quot;:&quot;classic&quot;}\">\n\t\t\t\t<div class=\"elementor-element elementor-element-11e55bb elementor-widget elementor-widget-spacer\" data-id=\"11e55bb\" data-element_type=\"widget\" data-widget_type=\"spacer.default\">\n\t\t\t\t<div class=\"elementor-widget-container\">\n\t\t\t\t\t\t\t<div class=\"elementor-spacer\">\n\t\t\t<div class=\"elementor-spacer-inner\"><\/div>\n\t\t<\/div>\n\t\t\t\t\t\t<\/div>\n\t\t\t\t<\/div>\n\t\t\t\t<\/div>\n\t\t<div data-dce-background-color=\"#F5DF93\" class=\"elementor-element elementor-element-c0fc94e e-flex e-con-boxed e-con e-parent\" data-id=\"c0fc94e\" data-element_type=\"container\" data-settings=\"{&quot;background_background&quot;:&quot;classic&quot;}\">\n\t\t\t\t\t<div class=\"e-con-inner\">\n\t\t\t\t<div class=\"elementor-element elementor-element-9475fde elementor-widget elementor-widget-jet-breadcrumbs\" data-id=\"9475fde\" data-element_type=\"widget\" data-widget_type=\"jet-breadcrumbs.default\">\n\t\t\t\t<div class=\"elementor-widget-container\">\n\t\t\t\t\t<div class=\"elementor-jet-breadcrumbs jet-blocks\">\n\t\t<div class=\"jet-breadcrumbs\">\n\t\t<div class=\"jet-breadcrumbs__content\">\n\t\t<div class=\"jet-breadcrumbs__wrap\"><div class=\"jet-breadcrumbs__item\"><a href=\"https:\/\/demo.stilldesign.net\/ironfem\/\" class=\"jet-breadcrumbs__item-link is-home\" rel=\"home\" title=\"F\u0151oldal\">F\u0151oldal<\/a><\/div>\n\t\t<\/div>\n\t\t<\/div>\n\t\t<\/div><\/div>\t\t\t\t<\/div>\n\t\t\t\t<\/div>\n\t\t\t\t<div class=\"elementor-element elementor-element-0f6728b elementor-widget elementor-widget-heading\" data-id=\"0f6728b\" data-element_type=\"widget\" data-widget_type=\"heading.default\">\n\t\t\t\t<div class=\"elementor-widget-container\">\n\t\t\t\t\t<h2 class=\"elementor-heading-title elementor-size-default\">Term\u00e9kek<\/h2>\t\t\t\t<\/div>\n\t\t\t\t<\/div>\n\t\t<div class=\"elementor-element elementor-element-950c409 e-con-full e-flex e-con e-child\" data-id=\"950c409\" data-element_type=\"container\">\n\t\t<div data-dce-background-color=\"#FFFFFF\" class=\"elementor-element elementor-element-412d3f6 e-con-full termekeklista e-flex e-con e-child\" data-id=\"412d3f6\" data-element_type=\"container\" data-settings=\"{&quot;background_background&quot;:&quot;classic&quot;}\">\n\t\t<div data-dce-background-image-url=\"https:\/\/demo.stilldesign.net\/ironfem\/wp-content\/uploads\/2024\/03\/hatszog-1.jpg\" class=\"elementor-element elementor-element-a289a75 e-con-full elementor-hidden-mobile e-flex e-con e-child\" data-id=\"a289a75\" data-element_type=\"container\" data-settings=\"{&quot;background_background&quot;:&quot;classic&quot;}\">\n\t\t\t\t<\/div>\n\t\t<div class=\"elementor-element elementor-element-a891c9f e-con-full e-flex e-con e-child\" data-id=\"a891c9f\" data-element_type=\"container\">\n\t\t\t\t<div class=\"elementor-element elementor-element-292d687 elementor-widget elementor-widget-heading\" data-id=\"292d687\" data-element_type=\"widget\" data-widget_type=\"heading.default\">\n\t\t\t\t<div class=\"elementor-widget-container\">\n\t\t\t\t\t<h2 class=\"elementor-heading-title elementor-size-default\"><a href=\"https:\/\/demo.stilldesign.net\/ironfem\/termekek\/?jsf=jet-engine&#038;tax=anyag:19\">Ac\u00e9lterm\u00e9kek<\/a><\/h2>\t\t\t\t<\/div>\n\t\t\t\t<\/div>\n\t\t\t\t<\/div>\n\t\t\t\t<\/div>\n\t\t<div data-dce-background-color=\"#FFFFFF\" class=\"elementor-element elementor-element-20ad408 e-con-full termekeklista e-flex e-con e-child\" data-id=\"20ad408\" data-element_type=\"container\" data-settings=\"{&quot;background_background&quot;:&quot;classic&quot;}\">\n\t\t<div data-dce-background-image-url=\"https:\/\/demo.stilldesign.net\/ironfem\/wp-content\/uploads\/2024\/03\/c-sin.jpg\" class=\"elementor-element elementor-element-dd65b60 e-con-full elementor-hidden-mobile e-flex e-con e-child\" data-id=\"dd65b60\" data-element_type=\"container\" data-settings=\"{&quot;background_background&quot;:&quot;classic&quot;}\">\n\t\t\t\t<\/div>\n\t\t<div class=\"elementor-element elementor-element-e143dab e-con-full e-flex e-con e-child\" data-id=\"e143dab\" data-element_type=\"container\">\n\t\t\t\t<div class=\"elementor-element elementor-element-34de501 elementor-widget elementor-widget-heading\" data-id=\"34de501\" data-element_type=\"widget\" data-widget_type=\"heading.default\">\n\t\t\t\t<div class=\"elementor-widget-container\">\n\t\t\t\t\t<h2 class=\"elementor-heading-title elementor-size-default\"><a href=\"https:\/\/demo.stilldesign.net\/ironfem\/termekek\/?jsf=jet-engine&#038;tax=anyag:20\">Aluminium term\u00e9kek<\/a><\/h2>\t\t\t\t<\/div>\n\t\t\t\t<\/div>\n\t\t\t\t<\/div>\n\t\t\t\t<\/div>\n\t\t\t\t<\/div>\n\t\t<div class=\"elementor-element elementor-element-cc1b8b8 e-con-full e-flex e-con e-child\" data-id=\"cc1b8b8\" data-element_type=\"container\">\n\t\t<div data-dce-background-color=\"#FFFFFF\" class=\"elementor-element elementor-element-a2417f9 e-con-full termekeklista e-flex e-con e-child\" data-id=\"a2417f9\" data-element_type=\"container\" data-settings=\"{&quot;background_background&quot;:&quot;classic&quot;}\">\n\t\t<div data-dce-background-image-url=\"https:\/\/demo.stilldesign.net\/ironfem\/wp-content\/uploads\/2024\/03\/negyzet.jpg\" class=\"elementor-element elementor-element-e4695f1 e-con-full elementor-hidden-mobile e-flex e-con e-child\" data-id=\"e4695f1\" data-element_type=\"container\" data-settings=\"{&quot;background_background&quot;:&quot;classic&quot;}\">\n\t\t\t\t<\/div>\n\t\t<div class=\"elementor-element elementor-element-9d37f1b e-con-full e-flex e-con e-child\" data-id=\"9d37f1b\" data-element_type=\"container\">\n\t\t\t\t<div class=\"elementor-element elementor-element-3141889 elementor-widget elementor-widget-heading\" data-id=\"3141889\" data-element_type=\"widget\" data-widget_type=\"heading.default\">\n\t\t\t\t<div class=\"elementor-widget-container\">\n\t\t\t\t\t<h2 class=\"elementor-heading-title elementor-size-default\"><a href=\"https:\/\/demo.stilldesign.net\/ironfem\/termekek\/?jsf=jet-engine&#038;tax=anyag:21\">Bronzterm\u00e9kek<\/a><\/h2>\t\t\t\t<\/div>\n\t\t\t\t<\/div>\n\t\t\t\t<\/div>\n\t\t\t\t<\/div>\n\t\t<div data-dce-background-color=\"#FFFFFF\" class=\"elementor-element elementor-element-d026f2f e-con-full termekeklista e-flex e-con e-child\" data-id=\"d026f2f\" data-element_type=\"container\" data-settings=\"{&quot;background_background&quot;:&quot;classic&quot;}\">\n\t\t<div data-dce-background-image-url=\"https:\/\/demo.stilldesign.net\/ironfem\/wp-content\/uploads\/2024\/03\/koracel.jpg\" class=\"elementor-element elementor-element-f2cee82 e-con-full elementor-hidden-mobile e-flex e-con e-child\" data-id=\"f2cee82\" data-element_type=\"container\" data-settings=\"{&quot;background_background&quot;:&quot;classic&quot;}\">\n\t\t\t\t<\/div>\n\t\t<div class=\"elementor-element elementor-element-136d4c6 e-con-full e-flex e-con e-child\" data-id=\"136d4c6\" data-element_type=\"container\">\n\t\t\t\t<div class=\"elementor-element elementor-element-dc2a7c7 elementor-widget elementor-widget-heading\" data-id=\"dc2a7c7\" data-element_type=\"widget\" data-widget_type=\"heading.default\">\n\t\t\t\t<div class=\"elementor-widget-container\">\n\t\t\t\t\t<h2 class=\"elementor-heading-title elementor-size-default\"><a href=\"https:\/\/demo.stilldesign.net\/ironfem\/termekek\/?jsf=jet-engine&#038;tax=anyag:23\">V\u00f6r\u00f6sr\u00e9z term\u00e9kek<\/a><\/h2>\t\t\t\t<\/div>\n\t\t\t\t<\/div>\n\t\t\t\t<\/div>\n\t\t\t\t<\/div>\n\t\t\t\t<\/div>\n\t\t<div class=\"elementor-element elementor-element-361f067 e-con-full e-flex e-con e-child\" data-id=\"361f067\" data-element_type=\"container\">\n\t\t<div data-dce-background-color=\"#FFFFFF\" class=\"elementor-element elementor-element-62c6c31 e-con-full termekeklista e-flex e-con e-child\" data-id=\"62c6c31\" data-element_type=\"container\" data-settings=\"{&quot;background_background&quot;:&quot;classic&quot;}\">\n\t\t<div data-dce-background-image-url=\"https:\/\/demo.stilldesign.net\/ironfem\/wp-content\/uploads\/2024\/03\/lapos.jpg\" class=\"elementor-element elementor-element-09b1c0b e-con-full elementor-hidden-mobile e-flex e-con e-child\" data-id=\"09b1c0b\" data-element_type=\"container\" data-settings=\"{&quot;background_background&quot;:&quot;classic&quot;}\">\n\t\t\t\t<\/div>\n\t\t<div class=\"elementor-element elementor-element-dd75716 e-con-full e-flex e-con e-child\" data-id=\"dd75716\" data-element_type=\"container\">\n\t\t\t\t<div class=\"elementor-element elementor-element-14b67d8 elementor-widget elementor-widget-heading\" data-id=\"14b67d8\" data-element_type=\"widget\" data-widget_type=\"heading.default\">\n\t\t\t\t<div class=\"elementor-widget-container\">\n\t\t\t\t\t<h2 class=\"elementor-heading-title elementor-size-default\"><a href=\"https:\/\/demo.stilldesign.net\/ironfem\/termekek\/?jsf=jet-engine&#038;tax=anyag:22\">S\u00e1rgar\u00e9z term\u00e9kek<\/a><\/h2>\t\t\t\t<\/div>\n\t\t\t\t<\/div>\n\t\t\t\t<\/div>\n\t\t\t\t<\/div>\n\t\t<div data-dce-background-color=\"#FFFFFF\" class=\"elementor-element elementor-element-a1aec4d e-con-full termekeklista e-flex e-con e-child\" data-id=\"a1aec4d\" data-element_type=\"container\" data-settings=\"{&quot;background_background&quot;:&quot;classic&quot;}\">\n\t\t<div data-dce-background-image-url=\"https:\/\/demo.stilldesign.net\/ironfem\/wp-content\/uploads\/2024\/03\/muanyag-lemez.jpg\" class=\"elementor-element elementor-element-eb5d8cb e-con-full elementor-hidden-mobile e-flex e-con e-child\" data-id=\"eb5d8cb\" data-element_type=\"container\" data-settings=\"{&quot;background_background&quot;:&quot;classic&quot;}\">\n\t\t\t\t<\/div>\n\t\t<div class=\"elementor-element elementor-element-38ab54e e-con-full e-flex e-con e-child\" data-id=\"38ab54e\" data-element_type=\"container\">\n\t\t\t\t<div class=\"elementor-element elementor-element-a39b66e elementor-widget elementor-widget-heading\" data-id=\"a39b66e\" data-element_type=\"widget\" data-widget_type=\"heading.default\">\n\t\t\t\t<div class=\"elementor-widget-container\">\n\t\t\t\t\t<h2 class=\"elementor-heading-title elementor-size-default\"><a href=\"https:\/\/demo.stilldesign.net\/ironfem\/termekek\/?jsf=jet-engine&#038;tax=anyag:39\">Egy\u00e9b lemezek<\/a><\/h2>\t\t\t\t<\/div>\n\t\t\t\t<\/div>\n\t\t\t\t<\/div>\n\t\t\t\t<\/div>\n\t\t\t\t<\/div>\n\t\t<div class=\"elementor-element elementor-element-4838086 e-con-full e-flex e-con e-child\" data-id=\"4838086\" data-element_type=\"container\">\n\t\t<div data-dce-background-color=\"#FFFFFF\" class=\"elementor-element elementor-element-32d307f e-con-full termekeklista e-flex e-con e-child\" data-id=\"32d307f\" data-element_type=\"container\" data-settings=\"{&quot;background_background&quot;:&quot;classic&quot;}\">\n\t\t<div data-dce-background-image-url=\"https:\/\/demo.stilldesign.net\/ironfem\/wp-content\/uploads\/2024\/03\/jaroracs.jpg\" class=\"elementor-element elementor-element-3269f69 e-con-full elementor-hidden-mobile e-flex e-con e-child\" data-id=\"3269f69\" data-element_type=\"container\" data-settings=\"{&quot;background_background&quot;:&quot;classic&quot;}\">\n\t\t\t\t<\/div>\n\t\t<div class=\"elementor-element elementor-element-ccbc359 e-con-full e-flex e-con e-child\" data-id=\"ccbc359\" data-element_type=\"container\">\n\t\t\t\t<div class=\"elementor-element elementor-element-f8722e0 elementor-widget elementor-widget-heading\" data-id=\"f8722e0\" data-element_type=\"widget\" data-widget_type=\"heading.default\">\n\t\t\t\t<div class=\"elementor-widget-container\">\n\t\t\t\t\t<h2 class=\"elementor-heading-title elementor-size-default\"><a href=\"https:\/\/demo.stilldesign.net\/ironfem\/termekek\/?jsf=jet-engine&#038;tax=category:1\">Egy\u00e9b term\u00e9kek<\/a><\/h2>\t\t\t\t<\/div>\n\t\t\t\t<\/div>\n\t\t\t\t<\/div>\n\t\t\t\t<\/div>\n\t\t\t\t<\/div>\n\t\t\t\t\t<\/div>\n\t\t\t\t<\/div>\n\t\t<div data-dce-background-color=\"#EFFBD9\" class=\"elementor-element elementor-element-d7c5d21 e-flex e-con-boxed e-con e-parent\" data-id=\"d7c5d21\" data-element_type=\"container\" data-settings=\"{&quot;background_background&quot;:&quot;classic&quot;}\">\n\t\t\t\t\t<div class=\"e-con-inner\">\n\t\t<div class=\"elementor-element elementor-element-627a320 e-con-full e-flex e-con e-child\" data-id=\"627a320\" data-element_type=\"container\">\n\t\t\t\t<div class=\"elementor-element elementor-element-82ab586 elementor-widget elementor-widget-heading\" data-id=\"82ab586\" data-element_type=\"widget\" data-widget_type=\"heading.default\">\n\t\t\t\t<div class=\"elementor-widget-container\">\n\t\t\t\t\t<h2 class=\"elementor-heading-title elementor-size-default\">L\u00e9pjen vel\u00fcnk kapcsolatba!<\/h2>\t\t\t\t<\/div>\n\t\t\t\t<\/div>\n\t\t\t\t<\/div>\n\t\t<div class=\"elementor-element elementor-element-6ed715b e-con-full e-flex e-con e-child\" data-id=\"6ed715b\" data-element_type=\"container\">\n\t\t\t\t<div class=\"elementor-element elementor-element-355f10d elementor-widget elementor-widget-text-editor\" data-id=\"355f10d\" data-element_type=\"widget\" data-widget_type=\"text-editor.default\">\n\t\t\t\t<div class=\"elementor-widget-container\">\n\t\t\t\t\t\t\t\t\tH\u00edvjon minket +36 20 33 40 669 vagy \u00edrjon \u00fczenetet a info@ironfem.hu e-mail c\u00edmre!\t\t\t\t\t\t\t\t<\/div>\n\t\t\t\t<\/div>\n\t\t\t\t<\/div>\n\t\t<div class=\"elementor-element elementor-element-9d76dd8 e-con-full e-flex e-con e-child\" data-id=\"9d76dd8\" data-element_type=\"container\">\n\t\t\t\t<div class=\"elementor-element elementor-element-a145661 elementor-mobile-align-center elementor-widget elementor-widget-button\" data-id=\"a145661\" data-element_type=\"widget\" data-widget_type=\"button.default\">\n\t\t\t\t<div class=\"elementor-widget-container\">\n\t\t\t\t\t\t\t\t\t<div class=\"elementor-button-wrapper\">\n\t\t\t\t\t<a class=\"elementor-button elementor-button-link elementor-size-sm\" href=\"https:\/\/demo.stilldesign.net\/ironfem\/elerhetosegek\/\">\n\t\t\t\t\t\t<span class=\"elementor-button-content-wrapper\">\n\t\t\t\t\t\t\t\t\t<span class=\"elementor-button-text\">B\u0151vebben<\/span>\n\t\t\t\t\t<\/span>\n\t\t\t\t\t<\/a>\n\t\t\t\t<\/div>\n\t\t\t\t\t\t\t\t<\/div>\n\t\t\t\t<\/div>\n\t\t\t\t<\/div>\n\t\t\t\t\t<\/div>\n\t\t\t\t<\/div>\n\t\t\t\t<\/div>\n\t\t","protected":false},"excerpt":{"rendered":"<p>F\u0151oldal Term\u00e9kek Ac\u00e9lterm\u00e9kek Aluminium term\u00e9kek Bronzterm\u00e9kek V\u00f6r\u00f6sr\u00e9z term\u00e9kek S\u00e1rgar\u00e9z term\u00e9kek Egy\u00e9b lemezek Egy\u00e9b term\u00e9kek<\/p>\n","protected":false},"author":1,"featured_media":41,"parent":0,"menu_order":0,"comment_status":"closed","ping_status":"closed","template":"","meta":{"_acf_changed":false,"footnotes":""},"class_list":["post-2524","page","type-page","status-publish","has-post-thumbnail","hentry"],"acf":[],"yoast_head":"<!-- This site is optimized with the Yoast SEO Premium plugin v24.3 (Yoast SEO v24.3) - https:\/\/yoast.com\/wordpress\/plugins\/seo\/ -->\n<title>Term\u00e9klista - Ironfem<\/title>\n<meta name=\"robots\" content=\"noindex, follow, max-snippet:-1, max-image-preview:large, max-video-preview:-1\" \/>\n<meta property=\"og:locale\" content=\"hu_HU\" \/>\n<meta property=\"og:type\" content=\"article\" \/>\n<meta property=\"og:title\" content=\"Term\u00e9klista\" \/>\n<meta property=\"og:description\" content=\"F\u0151oldal Term\u00e9kek Ac\u00e9lterm\u00e9kek Aluminium term\u00e9kek Bronzterm\u00e9kek V\u00f6r\u00f6sr\u00e9z term\u00e9kek S\u00e1rgar\u00e9z term\u00e9kek Egy\u00e9b lemezek Egy\u00e9b term\u00e9kek\" \/>\n<meta property=\"og:url\" content=\"https:\/\/demo.stilldesign.net\/ironfem\/termeklista\/\" \/>\n<meta property=\"og:site_name\" content=\"Ironfem\" \/>\n<meta property=\"article:modified_time\" content=\"2025-02-26T18:48:32+00:00\" \/>\n<meta property=\"og:image\" content=\"https:\/\/demo.stilldesign.net\/ironfem\/wp-content\/uploads\/2024\/03\/ironfem-vas-acel-kiskereskedelem-nagykereskedelem-daru.jpeg\" \/>\n\t<meta property=\"og:image:width\" content=\"800\" \/>\n\t<meta property=\"og:image:height\" content=\"532\" \/>\n\t<meta property=\"og:image:type\" content=\"image\/jpeg\" \/>\n<meta name=\"twitter:card\" content=\"summary_large_image\" \/>\n<meta name=\"twitter:label1\" content=\"Becs\u00fclt olvas\u00e1si id\u0151\" \/>\n\t<meta name=\"twitter:data1\" content=\"1 perc\" \/>\n<script type=\"application\/ld+json\" class=\"yoast-schema-graph\">{\"@context\":\"https:\/\/schema.org\",\"@graph\":[{\"@type\":\"WebPage\",\"@id\":\"https:\/\/demo.stilldesign.net\/ironfem\/termeklista\/\",\"url\":\"https:\/\/demo.stilldesign.net\/ironfem\/termeklista\/\",\"name\":\"Term\u00e9klista - Ironfem\",\"isPartOf\":{\"@id\":\"https:\/\/demo.stilldesign.net\/ironfem\/#website\"},\"primaryImageOfPage\":{\"@id\":\"https:\/\/demo.stilldesign.net\/ironfem\/termeklista\/#primaryimage\"},\"image\":{\"@id\":\"https:\/\/demo.stilldesign.net\/ironfem\/termeklista\/#primaryimage\"},\"thumbnailUrl\":\"https:\/\/demo.stilldesign.net\/ironfem\/wp-content\/uploads\/2024\/03\/ironfem-vas-acel-kiskereskedelem-nagykereskedelem-daru.jpeg\",\"datePublished\":\"2025-02-26T18:23:48+00:00\",\"dateModified\":\"2025-02-26T18:48:32+00:00\",\"breadcrumb\":{\"@id\":\"https:\/\/demo.stilldesign.net\/ironfem\/termeklista\/#breadcrumb\"},\"inLanguage\":\"hu\",\"potentialAction\":[{\"@type\":\"ReadAction\",\"target\":[\"https:\/\/demo.stilldesign.net\/ironfem\/termeklista\/\"]}]},{\"@type\":\"ImageObject\",\"inLanguage\":\"hu\",\"@id\":\"https:\/\/demo.stilldesign.net\/ironfem\/termeklista\/#primaryimage\",\"url\":\"https:\/\/demo.stilldesign.net\/ironfem\/wp-content\/uploads\/2024\/03\/ironfem-vas-acel-kiskereskedelem-nagykereskedelem-daru.jpeg\",\"contentUrl\":\"https:\/\/demo.stilldesign.net\/ironfem\/wp-content\/uploads\/2024\/03\/ironfem-vas-acel-kiskereskedelem-nagykereskedelem-daru.jpeg\",\"width\":800,\"height\":532,\"caption\":\"ironfem-vas-acel-kiskereskedelem-nagykereskedelem-daru\"},{\"@type\":\"BreadcrumbList\",\"@id\":\"https:\/\/demo.stilldesign.net\/ironfem\/termeklista\/#breadcrumb\",\"itemListElement\":[{\"@type\":\"ListItem\",\"position\":1,\"name\":\"Home\",\"item\":\"https:\/\/demo.stilldesign.net\/ironfem\/\"},{\"@type\":\"ListItem\",\"position\":2,\"name\":\"Term\u00e9klista\"}]},{\"@type\":\"WebSite\",\"@id\":\"https:\/\/demo.stilldesign.net\/ironfem\/#website\",\"url\":\"https:\/\/demo.stilldesign.net\/ironfem\/\",\"name\":\"Ironfem\",\"description\":\"\",\"potentialAction\":[{\"@type\":\"SearchAction\",\"target\":{\"@type\":\"EntryPoint\",\"urlTemplate\":\"https:\/\/demo.stilldesign.net\/ironfem\/?s={search_term_string}\"},\"query-input\":{\"@type\":\"PropertyValueSpecification\",\"valueRequired\":true,\"valueName\":\"search_term_string\"}}],\"inLanguage\":\"hu\"}]}<\/script>\n<!-- \/ Yoast SEO Premium plugin. -->","yoast_head_json":{"title":"Term\u00e9klista - Ironfem","robots":{"index":"noindex","follow":"follow","max-snippet":"max-snippet:-1","max-image-preview":"max-image-preview:large","max-video-preview":"max-video-preview:-1"},"og_locale":"hu_HU","og_type":"article","og_title":"Term\u00e9klista","og_description":"F\u0151oldal Term\u00e9kek Ac\u00e9lterm\u00e9kek Aluminium term\u00e9kek Bronzterm\u00e9kek V\u00f6r\u00f6sr\u00e9z term\u00e9kek S\u00e1rgar\u00e9z term\u00e9kek Egy\u00e9b lemezek Egy\u00e9b term\u00e9kek","og_url":"https:\/\/demo.stilldesign.net\/ironfem\/termeklista\/","og_site_name":"Ironfem","article_modified_time":"2025-02-26T18:48:32+00:00","og_image":[{"width":800,"height":532,"url":"https:\/\/demo.stilldesign.net\/ironfem\/wp-content\/uploads\/2024\/03\/ironfem-vas-acel-kiskereskedelem-nagykereskedelem-daru.jpeg","type":"image\/jpeg"}],"twitter_card":"summary_large_image","twitter_misc":{"Becs\u00fclt olvas\u00e1si id\u0151":"1 perc"},"schema":{"@context":"https:\/\/schema.org","@graph":[{"@type":"WebPage","@id":"https:\/\/demo.stilldesign.net\/ironfem\/termeklista\/","url":"https:\/\/demo.stilldesign.net\/ironfem\/termeklista\/","name":"Term\u00e9klista - Ironfem","isPartOf":{"@id":"https:\/\/demo.stilldesign.net\/ironfem\/#website"},"primaryImageOfPage":{"@id":"https:\/\/demo.stilldesign.net\/ironfem\/termeklista\/#primaryimage"},"image":{"@id":"https:\/\/demo.stilldesign.net\/ironfem\/termeklista\/#primaryimage"},"thumbnailUrl":"https:\/\/demo.stilldesign.net\/ironfem\/wp-content\/uploads\/2024\/03\/ironfem-vas-acel-kiskereskedelem-nagykereskedelem-daru.jpeg","datePublished":"2025-02-26T18:23:48+00:00","dateModified":"2025-02-26T18:48:32+00:00","breadcrumb":{"@id":"https:\/\/demo.stilldesign.net\/ironfem\/termeklista\/#breadcrumb"},"inLanguage":"hu","potentialAction":[{"@type":"ReadAction","target":["https:\/\/demo.stilldesign.net\/ironfem\/termeklista\/"]}]},{"@type":"ImageObject","inLanguage":"hu","@id":"https:\/\/demo.stilldesign.net\/ironfem\/termeklista\/#primaryimage","url":"https:\/\/demo.stilldesign.net\/ironfem\/wp-content\/uploads\/2024\/03\/ironfem-vas-acel-kiskereskedelem-nagykereskedelem-daru.jpeg","contentUrl":"https:\/\/demo.stilldesign.net\/ironfem\/wp-content\/uploads\/2024\/03\/ironfem-vas-acel-kiskereskedelem-nagykereskedelem-daru.jpeg","width":800,"height":532,"caption":"ironfem-vas-acel-kiskereskedelem-nagykereskedelem-daru"},{"@type":"BreadcrumbList","@id":"https:\/\/demo.stilldesign.net\/ironfem\/termeklista\/#breadcrumb","itemListElement":[{"@type":"ListItem","position":1,"name":"Home","item":"https:\/\/demo.stilldesign.net\/ironfem\/"},{"@type":"ListItem","position":2,"name":"Term\u00e9klista"}]},{"@type":"WebSite","@id":"https:\/\/demo.stilldesign.net\/ironfem\/#website","url":"https:\/\/demo.stilldesign.net\/ironfem\/","name":"Ironfem","description":"","potentialAction":[{"@type":"SearchAction","target":{"@type":"EntryPoint","urlTemplate":"https:\/\/demo.stilldesign.net\/ironfem\/?s={search_term_string}"},"query-input":{"@type":"PropertyValueSpecification","valueRequired":true,"valueName":"search_term_string"}}],"inLanguage":"hu"}]}},"_links":{"self":[{"href":"https:\/\/demo.stilldesign.net\/ironfem\/wp-json\/wp\/v2\/pages\/2524","targetHints":{"allow":["GET"]}}],"collection":[{"href":"https:\/\/demo.stilldesign.net\/ironfem\/wp-json\/wp\/v2\/pages"}],"about":[{"href":"https:\/\/demo.stilldesign.net\/ironfem\/wp-json\/wp\/v2\/types\/page"}],"author":[{"embeddable":true,"href":"https:\/\/demo.stilldesign.net\/ironfem\/wp-json\/wp\/v2\/users\/1"}],"replies":[{"embeddable":true,"href":"https:\/\/demo.stilldesign.net\/ironfem\/wp-json\/wp\/v2\/comments?post=2524"}],"version-history":[{"count":13,"href":"https:\/\/demo.stilldesign.net\/ironfem\/wp-json\/wp\/v2\/pages\/2524\/revisions"}],"predecessor-version":[{"id":2539,"href":"https:\/\/demo.stilldesign.net\/ironfem\/wp-json\/wp\/v2\/pages\/2524\/revisions\/2539"}],"wp:featuredmedia":[{"embeddable":true,"href":"https:\/\/demo.stilldesign.net\/ironfem\/wp-json\/wp\/v2\/media\/41"}],"wp:attachment":[{"href":"https:\/\/demo.stilldesign.net\/ironfem\/wp-json\/wp\/v2\/media?parent=2524"}],"curies":[{"name":"wp","href":"https:\/\/api.w.org\/{rel}","templated":true}]}}