{"id":2051,"date":"2024-07-18T18:08:25","date_gmt":"2024-07-18T16:08:25","guid":{"rendered":"https:\/\/demo.stilldesign.net\/ironfem\/?page_id=2051"},"modified":"2024-07-18T18:22:34","modified_gmt":"2024-07-18T16:22:34","slug":"kapcsolati-urlap","status":"publish","type":"page","link":"https:\/\/demo.stilldesign.net\/ironfem\/kapcsolati-urlap\/","title":{"rendered":"Kapcsolati \u0171rlap"},"content":{"rendered":"\t\t<div data-elementor-type=\"wp-page\" data-elementor-id=\"2051\" class=\"elementor elementor-2051\" data-elementor-post-type=\"page\">\n\t\t\t\t<div data-dce-background-image-url=\"https:\/\/demo.stilldesign.net\/ironfem\/wp-content\/uploads\/2024\/07\/ironfem-szabomester.jpg\" class=\"elementor-element elementor-element-67f1e0d e-con-full e-flex e-con e-parent\" data-id=\"67f1e0d\" data-element_type=\"container\" data-settings=\"{&quot;background_background&quot;:&quot;classic&quot;}\">\n\t\t\t\t<\/div>\n\t\t<div data-dce-background-color=\"#3E362E\" class=\"elementor-element elementor-element-3338ec1 e-flex e-con-boxed e-con e-parent\" data-id=\"3338ec1\" data-element_type=\"container\" data-settings=\"{&quot;background_background&quot;:&quot;classic&quot;}\">\n\t\t\t\t\t<div class=\"e-con-inner\">\n\t\t\t\t<div class=\"elementor-element elementor-element-dcbcaeb elementor-widget elementor-widget-jet-breadcrumbs\" data-id=\"dcbcaeb\" data-element_type=\"widget\" data-widget_type=\"jet-breadcrumbs.default\">\n\t\t\t\t<div class=\"elementor-widget-container\">\n\t\t\t\t\t<div class=\"elementor-jet-breadcrumbs jet-blocks\">\n\t\t<div class=\"jet-breadcrumbs\">\n\t\t<div class=\"jet-breadcrumbs__content\">\n\t\t<div class=\"jet-breadcrumbs__wrap\"><div class=\"jet-breadcrumbs__item\"><a href=\"https:\/\/demo.stilldesign.net\/ironfem\/\" class=\"jet-breadcrumbs__item-link is-home\" rel=\"home\" title=\"F\u0151oldal\">F\u0151oldal<\/a><\/div>\n\t\t<\/div>\n\t\t<\/div>\n\t\t<\/div><\/div>\t\t\t\t<\/div>\n\t\t\t\t<\/div>\n\t\t<div data-dce-background-color=\"#FFFFFF\" class=\"elementor-element elementor-element-eea08b9 e-con-full e-flex e-con e-child\" data-id=\"eea08b9\" data-element_type=\"container\" data-settings=\"{&quot;background_background&quot;:&quot;classic&quot;}\">\n\t\t<div class=\"elementor-element elementor-element-6e53ecd e-flex e-con-boxed e-con e-child\" data-id=\"6e53ecd\" data-element_type=\"container\">\n\t\t\t\t\t<div class=\"e-con-inner\">\n\t\t\t\t<div class=\"elementor-element elementor-element-fa461a2 elementor-widget elementor-widget-heading\" data-id=\"fa461a2\" data-element_type=\"widget\" data-widget_type=\"heading.default\">\n\t\t\t\t<div class=\"elementor-widget-container\">\n\t\t\t\t\t<h2 class=\"elementor-heading-title elementor-size-default\">\u00dczenetet k\u00fcld\u00f6k!<\/h2>\t\t\t\t<\/div>\n\t\t\t\t<\/div>\n\t\t\t\t\t<\/div>\n\t\t\t\t<\/div>\n\t\t<div class=\"elementor-element elementor-element-a36fa41 e-flex e-con-boxed e-con e-child\" data-id=\"a36fa41\" data-element_type=\"container\">\n\t\t\t\t\t<div class=\"e-con-inner\">\n\t\t\t\t<div class=\"elementor-element elementor-element-44dd80a elementor-widget elementor-widget-shortcode\" data-id=\"44dd80a\" data-element_type=\"widget\" data-widget_type=\"shortcode.default\">\n\t\t\t\t<div class=\"elementor-widget-container\">\n\t\t\t\t\t\t\t<div class=\"elementor-shortcode\"><div class='fluentform ff-default fluentform_wrapper_5 ffs_custom_wrap'><form data-form_id=\"5\" id=\"fluentform_5\" class=\"frm-fluent-form fluent_form_5 ff-el-form-top ff_form_instance_5_1 ff-form-loading ffs_custom\" data-form_instance=\"ff_form_instance_5_1\" method=\"POST\" ><fieldset  style=\"border: none!important;margin: 0!important;padding: 0!important;background-color: transparent!important;box-shadow: none!important;outline: none!important; min-inline-size: 100%;\">\n                    <legend class=\"ff_screen_reader_title\" style=\"display: block; margin: 0!important;padding: 0!important;height: 0!important;text-indent: -999999px;width: 0!important;overflow:hidden;\">Kapcsolat<\/legend><input type='hidden' name='__fluent_form_embded_post_id' value='2051' \/><input type=\"hidden\" id=\"_fluentform_5_fluentformnonce\" name=\"_fluentform_5_fluentformnonce\" value=\"93e13f0b64\" \/><input type=\"hidden\" name=\"_wp_http_referer\" value=\"\/ironfem\/wp-json\/wp\/v2\/pages\/2051\" \/><div data-type=\"name-element\" data-name=\"names\" class=\" ff-field_container ff-name-field-wrapper\" ><div class='ff-t-container'><div class='ff-t-cell '><div class='ff-el-group  ff-el-form-top'><div class=\"ff-el-input--label ff-el-is-required asterisk-right\"><label for='ff_5_names_last_name_' >N\u00e9v<\/label><\/div><div class='ff-el-input--content'><input type=\"text\" name=\"names[last_name]\" id=\"ff_5_names_last_name_\" class=\"ff-el-form-control\" placeholder=\"N\u00e9v\" aria-invalid=\"false\" aria-required=true><\/div><\/div><\/div><\/div><\/div><div data-type=\"name-element\" data-name=\"names_1\" class=\" ff-field_container ff-name-field-wrapper\" ><div class='ff-t-container'><div class='ff-t-cell '><div class='ff-el-group  ff-el-form-top'><div class=\"ff-el-input--label ff-el-is-required asterisk-right\"><label for='ff_5_names_1_first_name_' >C\u00e9gn\u00e9v<\/label><\/div><div class='ff-el-input--content'><input type=\"text\" name=\"names_1[first_name]\" id=\"ff_5_names_1_first_name_\" class=\"ff-el-form-control\" placeholder=\"C\u00e9gn\u00e9v\" aria-invalid=\"false\" aria-required=true><\/div><\/div><\/div><\/div><\/div><div class='ff-el-group'><div class=\"ff-el-input--label ff-el-is-required asterisk-right\"><label for='ff_5_email' aria-label=\"Email\">Email<\/label><\/div><div class='ff-el-input--content'><input type=\"email\" name=\"email\" id=\"ff_5_email\" class=\"ff-el-form-control\" placeholder=\"Email\" data-name=\"email\"  aria-invalid=\"false\" aria-required=true><\/div><\/div><div class='ff-el-group'><div class=\"ff-el-input--label ff-el-is-required asterisk-right\"><label for='ff_5_description' aria-label=\"\u00dczenet\">\u00dczenet<\/label><\/div><div class='ff-el-input--content'><textarea aria-invalid=\"false\" aria-required=true name=\"description\" id=\"ff_5_description\" class=\"ff-el-form-control\" rows=\"4\" cols=\"2\" data-name=\"description\" ><\/textarea><\/div><\/div><div class='ff-el-group    ff-el-input--content'><div class='ff-el-form-check ff-el-tc'><label aria-label='Elolvastam \u00e9s elfogadom az Adatkezel\u00e9si t\u00e1j\u00e9koztat\u00f3t.' class='ff-el-form-check-label ff_tc_label' for=terms-n-condition_70375fc30ad95ce3a0dc17cd657bc501><span class='ff_tc_checkbox'><input type=\"checkbox\" name=\"terms-n-condition\" class=\"ff-el-form-check-input\" data-name=\"terms-n-condition\" id=\"terms-n-condition_70375fc30ad95ce3a0dc17cd657bc501\"  value='on' aria-invalid='false' aria-required=false><\/span> <div class='ff_t_c'><p>Elolvastam \u00e9s elfogadom az Adatkezel\u00e9si t\u00e1j\u00e9koztat\u00f3t.<\/p><\/div><\/label><\/div><\/div><div class='ff-el-group ff-text-center ff_submit_btn_wrapper ff_submit_btn_wrapper_custom'><button class=\"ff-btn ff-btn-submit ff-btn-md ff_btn_style wpf_has_custom_css\" type=\"submit\" name=\"custom_submit_button-5_1\" data-name=\"custom_submit_button-5_1\" >K\u00fcld\u00e9s<\/button><style>form.fluent_form_5 .wpf_has_custom_css.ff-btn-submit { background-color:rgba(62, 54, 46, 1);border-color:rgba(255, 255, 255, 1);color:#ffffff;min-width:100%; }form.fluent_form_5 .wpf_has_custom_css.ff-btn-submit:hover { background-color:rgba(62, 54, 46, 1);border-color:rgba(62, 54, 46, 1);color:#FFFFFF;min-width:100%; } <\/style><\/div><\/fieldset><\/form><div id='fluentform_5_errors' class='ff-errors-in-stack ff_form_instance_5_1 ff-form-loading_errors ff_form_instance_5_1_errors'><\/div><\/div>        <script type=\"text\/javascript\">\n            window.fluent_form_ff_form_instance_5_1 = {\"id\":\"5\",\"settings\":{\"layout\":{\"labelPlacement\":\"top\",\"helpMessagePlacement\":\"with_label\",\"errorMessagePlacement\":\"inline\",\"cssClassName\":\"\",\"asteriskPlacement\":\"asterisk-right\"},\"restrictions\":{\"denyEmptySubmission\":{\"enabled\":false}}},\"form_instance\":\"ff_form_instance_5_1\",\"form_id_selector\":\"fluentform_5\",\"rules\":{\"names[first_name]\":{\"required\":{\"value\":false,\"message\":\"This field is required\",\"global_message\":\"This field is required\",\"global\":true}},\"names[middle_name]\":{\"required\":{\"value\":false,\"message\":\"This field is required\",\"global_message\":\"This field is required\",\"global\":true}},\"names[last_name]\":{\"required\":{\"value\":true,\"message\":\"This field is required\",\"global_message\":\"This field is required\",\"global\":true}},\"names_1[first_name]\":{\"required\":{\"value\":true,\"message\":\"This field is required\",\"global_message\":\"This field is required\",\"global\":true}},\"names_1[middle_name]\":{\"required\":{\"value\":false,\"message\":\"This field is required\",\"global_message\":\"This field is required\",\"global\":true}},\"names_1[last_name]\":{\"required\":{\"value\":false,\"message\":\"This field is required\",\"global_message\":\"This field is required\",\"global\":true}},\"email\":{\"required\":{\"value\":true,\"message\":\"This field is required\",\"global_message\":\"This field is required\",\"global\":true},\"email\":{\"value\":true,\"message\":\"This field must contain a valid email\",\"global_message\":\"This field must contain a valid email\",\"global\":true}},\"description\":{\"required\":{\"value\":true,\"message\":\"This field is required\",\"global_message\":\"This field is required\",\"global\":true}},\"terms-n-condition\":{\"required\":{\"value\":false,\"message\":\"This field is required\",\"global_message\":\"This field is required\",\"global\":true}}},\"debounce_time\":300,\"conditionals\":{\"names_1\":{\"type\":\"any\",\"status\":true,\"conditions\":[{\"field\":\"\",\"value\":\"\",\"operator\":\"\"}]}}};\n                    <\/script>\n        <\/div>\n\t\t\t\t\t\t<\/div>\n\t\t\t\t<\/div>\n\t\t\t\t\t<\/div>\n\t\t\t\t<\/div>\n\t\t\t\t<\/div>\n\t\t\t\t\t<\/div>\n\t\t\t\t<\/div>\n\t\t\t\t<\/div>\n\t\t","protected":false},"excerpt":{"rendered":"<p>F\u0151oldal \u00dczenetet k\u00fcld\u00f6k!<\/p>\n","protected":false},"author":1,"featured_media":0,"parent":0,"menu_order":0,"comment_status":"closed","ping_status":"closed","template":"","meta":{"_acf_changed":false,"footnotes":""},"class_list":["post-2051","page","type-page","status-publish","hentry"],"acf":[],"yoast_head":"<!-- This site is optimized with the Yoast SEO Premium plugin v24.3 (Yoast SEO v24.3) - https:\/\/yoast.com\/wordpress\/plugins\/seo\/ -->\n<title>Kapcsolati \u0171rlap - Ironfem<\/title>\n<meta name=\"robots\" content=\"noindex, follow, max-snippet:-1, max-image-preview:large, max-video-preview:-1\" \/>\n<meta property=\"og:locale\" content=\"hu_HU\" \/>\n<meta property=\"og:type\" content=\"article\" \/>\n<meta property=\"og:title\" content=\"Kapcsolati \u0171rlap\" \/>\n<meta property=\"og:description\" content=\"F\u0151oldal \u00dczenetet k\u00fcld\u00f6k!\" \/>\n<meta property=\"og:url\" content=\"https:\/\/demo.stilldesign.net\/ironfem\/kapcsolati-urlap\/\" \/>\n<meta property=\"og:site_name\" content=\"Ironfem\" \/>\n<meta property=\"article:modified_time\" content=\"2024-07-18T16:22:34+00:00\" \/>\n<meta name=\"twitter:card\" content=\"summary_large_image\" \/>\n<meta name=\"twitter:label1\" content=\"Becs\u00fclt olvas\u00e1si id\u0151\" \/>\n\t<meta name=\"twitter:data1\" content=\"1 perc\" \/>\n<script type=\"application\/ld+json\" class=\"yoast-schema-graph\">{\"@context\":\"https:\/\/schema.org\",\"@graph\":[{\"@type\":\"WebPage\",\"@id\":\"https:\/\/demo.stilldesign.net\/ironfem\/kapcsolati-urlap\/\",\"url\":\"https:\/\/demo.stilldesign.net\/ironfem\/kapcsolati-urlap\/\",\"name\":\"Kapcsolati \u0171rlap - Ironfem\",\"isPartOf\":{\"@id\":\"https:\/\/demo.stilldesign.net\/ironfem\/#website\"},\"datePublished\":\"2024-07-18T16:08:25+00:00\",\"dateModified\":\"2024-07-18T16:22:34+00:00\",\"breadcrumb\":{\"@id\":\"https:\/\/demo.stilldesign.net\/ironfem\/kapcsolati-urlap\/#breadcrumb\"},\"inLanguage\":\"hu\",\"potentialAction\":[{\"@type\":\"ReadAction\",\"target\":[\"https:\/\/demo.stilldesign.net\/ironfem\/kapcsolati-urlap\/\"]}]},{\"@type\":\"BreadcrumbList\",\"@id\":\"https:\/\/demo.stilldesign.net\/ironfem\/kapcsolati-urlap\/#breadcrumb\",\"itemListElement\":[{\"@type\":\"ListItem\",\"position\":1,\"name\":\"Home\",\"item\":\"https:\/\/demo.stilldesign.net\/ironfem\/\"},{\"@type\":\"ListItem\",\"position\":2,\"name\":\"Kapcsolati \u0171rlap\"}]},{\"@type\":\"WebSite\",\"@id\":\"https:\/\/demo.stilldesign.net\/ironfem\/#website\",\"url\":\"https:\/\/demo.stilldesign.net\/ironfem\/\",\"name\":\"Ironfem\",\"description\":\"\",\"potentialAction\":[{\"@type\":\"SearchAction\",\"target\":{\"@type\":\"EntryPoint\",\"urlTemplate\":\"https:\/\/demo.stilldesign.net\/ironfem\/?s={search_term_string}\"},\"query-input\":{\"@type\":\"PropertyValueSpecification\",\"valueRequired\":true,\"valueName\":\"search_term_string\"}}],\"inLanguage\":\"hu\"}]}<\/script>\n<!-- \/ Yoast SEO Premium plugin. -->","yoast_head_json":{"title":"Kapcsolati \u0171rlap - Ironfem","robots":{"index":"noindex","follow":"follow","max-snippet":"max-snippet:-1","max-image-preview":"max-image-preview:large","max-video-preview":"max-video-preview:-1"},"og_locale":"hu_HU","og_type":"article","og_title":"Kapcsolati \u0171rlap","og_description":"F\u0151oldal \u00dczenetet k\u00fcld\u00f6k!","og_url":"https:\/\/demo.stilldesign.net\/ironfem\/kapcsolati-urlap\/","og_site_name":"Ironfem","article_modified_time":"2024-07-18T16:22:34+00:00","twitter_card":"summary_large_image","twitter_misc":{"Becs\u00fclt olvas\u00e1si id\u0151":"1 perc"},"schema":{"@context":"https:\/\/schema.org","@graph":[{"@type":"WebPage","@id":"https:\/\/demo.stilldesign.net\/ironfem\/kapcsolati-urlap\/","url":"https:\/\/demo.stilldesign.net\/ironfem\/kapcsolati-urlap\/","name":"Kapcsolati \u0171rlap - Ironfem","isPartOf":{"@id":"https:\/\/demo.stilldesign.net\/ironfem\/#website"},"datePublished":"2024-07-18T16:08:25+00:00","dateModified":"2024-07-18T16:22:34+00:00","breadcrumb":{"@id":"https:\/\/demo.stilldesign.net\/ironfem\/kapcsolati-urlap\/#breadcrumb"},"inLanguage":"hu","potentialAction":[{"@type":"ReadAction","target":["https:\/\/demo.stilldesign.net\/ironfem\/kapcsolati-urlap\/"]}]},{"@type":"BreadcrumbList","@id":"https:\/\/demo.stilldesign.net\/ironfem\/kapcsolati-urlap\/#breadcrumb","itemListElement":[{"@type":"ListItem","position":1,"name":"Home","item":"https:\/\/demo.stilldesign.net\/ironfem\/"},{"@type":"ListItem","position":2,"name":"Kapcsolati \u0171rlap"}]},{"@type":"WebSite","@id":"https:\/\/demo.stilldesign.net\/ironfem\/#website","url":"https:\/\/demo.stilldesign.net\/ironfem\/","name":"Ironfem","description":"","potentialAction":[{"@type":"SearchAction","target":{"@type":"EntryPoint","urlTemplate":"https:\/\/demo.stilldesign.net\/ironfem\/?s={search_term_string}"},"query-input":{"@type":"PropertyValueSpecification","valueRequired":true,"valueName":"search_term_string"}}],"inLanguage":"hu"}]}},"_links":{"self":[{"href":"https:\/\/demo.stilldesign.net\/ironfem\/wp-json\/wp\/v2\/pages\/2051","targetHints":{"allow":["GET"]}}],"collection":[{"href":"https:\/\/demo.stilldesign.net\/ironfem\/wp-json\/wp\/v2\/pages"}],"about":[{"href":"https:\/\/demo.stilldesign.net\/ironfem\/wp-json\/wp\/v2\/types\/page"}],"author":[{"embeddable":true,"href":"https:\/\/demo.stilldesign.net\/ironfem\/wp-json\/wp\/v2\/users\/1"}],"replies":[{"embeddable":true,"href":"https:\/\/demo.stilldesign.net\/ironfem\/wp-json\/wp\/v2\/comments?post=2051"}],"version-history":[{"count":19,"href":"https:\/\/demo.stilldesign.net\/ironfem\/wp-json\/wp\/v2\/pages\/2051\/revisions"}],"predecessor-version":[{"id":2080,"href":"https:\/\/demo.stilldesign.net\/ironfem\/wp-json\/wp\/v2\/pages\/2051\/revisions\/2080"}],"wp:attachment":[{"href":"https:\/\/demo.stilldesign.net\/ironfem\/wp-json\/wp\/v2\/media?parent=2051"}],"curies":[{"name":"wp","href":"https:\/\/api.w.org\/{rel}","templated":true}]}}