{"id":21,"date":"2025-02-22T09:38:17","date_gmt":"2025-02-22T08:38:17","guid":{"rendered":"https:\/\/demo.stilldesign.net\/btoolb\/?page_id=21"},"modified":"2025-06-04T09:40:55","modified_gmt":"2025-06-04T07:40:55","slug":"kapcsolat","status":"publish","type":"page","link":"https:\/\/demo.stilldesign.net\/btoolb\/kapcsolat\/","title":{"rendered":"Kapcsolat"},"content":{"rendered":"<h2>Mi\u00e9rt dolgozzon vel\u00fcnk?<\/h2>\n<p>Egyedi kombin\u00e1ci\u00f3t k\u00edn\u00e1lunk szak\u00e9rtelem, innov\u00e1ci\u00f3 \u00e9s elk\u00f6telezetts\u00e9g ter\u00e9n. Tapasztalt tan\u00e1csad\u00f3ink csapata szorosan egy\u00fctt dolgozik \u00d6nnel, hogy:<\/p>\n<p>Egyszer\u0171s\u00edtse a bonyolult EU-s finansz\u00edroz\u00e1si mechanizmusokat<\/p>\n<p>\u00c9rt\u00e9kes kapcsolatok \u00e9p\u00edt\u00e9s\u00e9vel seg\u00edtse kulcsszerepl\u0151kkel val\u00f3 kapcsolattart\u00e1st<\/p>\n<p>Kifejlessze az \u00d6n ig\u00e9nyeihez illeszked\u0151 \u00fczleti strat\u00e9gi\u00e1t<\/p>\n","protected":false},"excerpt":{"rendered":"<p>Mi\u00e9rt dolgozzon vel\u00fcnk? Egyedi kombin\u00e1ci\u00f3t k\u00edn\u00e1lunk szak\u00e9rtelem, innov\u00e1ci\u00f3 \u00e9s elk\u00f6telezetts\u00e9g ter\u00e9n. Tapasztalt tan\u00e1csad\u00f3ink csapata szorosan egy\u00fctt dolgozik \u00d6nnel, hogy: Egyszer\u0171s\u00edtse a bonyolult EU-s finansz\u00edroz\u00e1si mechanizmusokat \u00c9rt\u00e9kes kapcsolatok \u00e9p\u00edt\u00e9s\u00e9vel seg\u00edtse kulcsszerepl\u0151kkel val\u00f3 kapcsolattart\u00e1st Kifejlessze az \u00d6n ig\u00e9nyeihez illeszked\u0151 \u00fczleti strat\u00e9gi\u00e1t<\/p>\n","protected":false},"author":1,"featured_media":271,"parent":0,"menu_order":0,"comment_status":"closed","ping_status":"closed","template":"page-templates\/kapcsolat.php","meta":{"_acf_changed":false,"footnotes":""},"class_list":["post-21","page","type-page","status-publish","has-post-thumbnail","hentry"],"acf":[],"lang":"hu","translations":{"hu":21,"en":172,"de":195},"pll_sync_post":[],"_links":{"self":[{"href":"https:\/\/demo.stilldesign.net\/btoolb\/wp-json\/wp\/v2\/pages\/21","targetHints":{"allow":["GET"]}}],"collection":[{"href":"https:\/\/demo.stilldesign.net\/btoolb\/wp-json\/wp\/v2\/pages"}],"about":[{"href":"https:\/\/demo.stilldesign.net\/btoolb\/wp-json\/wp\/v2\/types\/page"}],"author":[{"embeddable":true,"href":"https:\/\/demo.stilldesign.net\/btoolb\/wp-json\/wp\/v2\/users\/1"}],"replies":[{"embeddable":true,"href":"https:\/\/demo.stilldesign.net\/btoolb\/wp-json\/wp\/v2\/comments?post=21"}],"version-history":[{"count":4,"href":"https:\/\/demo.stilldesign.net\/btoolb\/wp-json\/wp\/v2\/pages\/21\/revisions"}],"predecessor-version":[{"id":242,"href":"https:\/\/demo.stilldesign.net\/btoolb\/wp-json\/wp\/v2\/pages\/21\/revisions\/242"}],"wp:featuredmedia":[{"embeddable":true,"href":"https:\/\/demo.stilldesign.net\/btoolb\/wp-json\/wp\/v2\/media\/271"}],"wp:attachment":[{"href":"https:\/\/demo.stilldesign.net\/btoolb\/wp-json\/wp\/v2\/media?parent=21"}],"curies":[{"name":"wp","href":"https:\/\/api.w.org\/{rel}","templated":true}]}}