{"id":15,"date":"2025-02-22T09:37:53","date_gmt":"2025-02-22T08:37:53","guid":{"rendered":"https:\/\/demo.stilldesign.net\/btoolb\/?page_id=15"},"modified":"2025-06-04T09:31:46","modified_gmt":"2025-06-04T07:31:46","slug":"rolunk","status":"publish","type":"page","link":"https:\/\/demo.stilldesign.net\/btoolb\/rolunk\/","title":{"rendered":"R\u00f3lunk"},"content":{"rendered":"<p>A BTOOLB egy f\u00fcggetlen menedzsment-tan\u00e1csad\u00f3 c\u00e9g, amely sikeresen v\u00e9gez nemzetk\u00f6zi projekteket, t\u00e1mogatja a KKV-k fejl\u0151d\u00e9s\u00e9t, megszerzi a sz\u00fcks\u00e9ges finansz\u00edroz\u00e1st \u00e9s seg\u00edti a glob\u00e1lis jelenl\u00e9t kialak\u00edt\u00e1s\u00e1t. V\u00e1llalatokkal dolgozunk, amelyek kih\u00edv\u00e1sokkal szembes\u00fclnek a bonyolult \u00fczleti k\u00f6rnyezetben, \u00e9s seg\u00edtj\u00fck \u0151ket m\u00e9rhet\u0151, fenntarthat\u00f3 eredm\u00e9nyek el\u00e9r\u00e9s\u00e9ben.<\/p>\n<p>\u00c9vtizedes tapasztalatunkkal szakmai ir\u00e1nymutat\u00e1st \u00e9s gyakorlati t\u00e1mogat\u00e1st ny\u00fajtunk a gyorsan v\u00e1ltoz\u00f3 \u00fczleti vil\u00e1gban. Szak\u00e9rtelm\u00fcnk sz\u00e9les \u00e1gazatokra terjed ki, k\u00fcl\u00f6n\u00f6sen a m\u0171k\u00f6d\u00e9s sk\u00e1l\u00e1z\u00e1s\u00e1ra, k\u00f6zpublicit\u00e1s\u00fa finansz\u00edroz\u00e1s megszerz\u00e9s\u00e9re \u00e9s \u00faj piacok felt\u00e1r\u00e1s\u00e1ra.<\/p>\n<h4>L\u00e1tom\u00e1sunk<\/h4>\n<p>A BTOOLB c\u00e9lja, hogy Eur\u00f3pa vezet\u0151 tan\u00e1csad\u00f3j\u00e1v\u00e1 v\u00e1ljon az innovat\u00edv projektek k\u00f6zpublicit\u00e1s\u00fa finansz\u00edroz\u00e1s\u00e1nak megszerz\u00e9s\u00e9ben, \u00e9s \u00e1tt\u00f6r\u0151 \u00f6tleteket val\u00f3s\u00e1gg\u00e1 alak\u00edtson.<\/p>\n<h4>K\u00fcldet\u00e9s\u00fcnk<\/h4>\n<p>Felruh\u00e1zza a v\u00e1llalkoz\u00e1sokat a sz\u00fcks\u00e9ges eszk\u00f6z\u00f6kkel, tud\u00e1ssal \u00e9s strat\u00e9giai partners\u00e9gekkel, amelyek sz\u00fcks\u00e9gesek az innov\u00e1ci\u00f3k fejleszt\u00e9s\u00e9hez, piacon t\u00f6rt\u00e9n\u0151 forgalmaz\u00e1s\u00e1hoz \u00e9s sikeres sk\u00e1l\u00e1z\u00e1s\u00e1hoz.<\/p>\n","protected":false},"excerpt":{"rendered":"<p>A BTOOLB egy f\u00fcggetlen menedzsment-tan\u00e1csad\u00f3 c\u00e9g, amely sikeresen v\u00e9gez nemzetk\u00f6zi projekteket, t\u00e1mogatja a KKV-k fejl\u0151d\u00e9s\u00e9t, megszerzi a sz\u00fcks\u00e9ges finansz\u00edroz\u00e1st \u00e9s seg\u00edti a glob\u00e1lis jelenl\u00e9t kialak\u00edt\u00e1s\u00e1t. V\u00e1llalatokkal dolgozunk, amelyek kih\u00edv\u00e1sokkal szembes\u00fclnek a bonyolult \u00fczleti k\u00f6rnyezetben, \u00e9s seg\u00edtj\u00fck \u0151ket m\u00e9rhet\u0151, fenntarthat\u00f3 eredm\u00e9nyek el\u00e9r\u00e9s\u00e9ben. \u00c9vtizedes tapasztalatunkkal szakmai ir\u00e1nymutat\u00e1st \u00e9s gyakorlati t\u00e1mogat\u00e1st ny\u00fajtunk a gyorsan v\u00e1ltoz\u00f3 \u00fczleti vil\u00e1gban. Szak\u00e9rtelm\u00fcnk [&hellip;]<\/p>\n","protected":false},"author":1,"featured_media":275,"parent":0,"menu_order":0,"comment_status":"closed","ping_status":"closed","template":"","meta":{"_acf_changed":false,"footnotes":""},"class_list":["post-15","page","type-page","status-publish","has-post-thumbnail","hentry"],"acf":[],"lang":"hu","translations":{"hu":15,"en":176,"de":197},"pll_sync_post":[],"_links":{"self":[{"href":"https:\/\/demo.stilldesign.net\/btoolb\/wp-json\/wp\/v2\/pages\/15","targetHints":{"allow":["GET"]}}],"collection":[{"href":"https:\/\/demo.stilldesign.net\/btoolb\/wp-json\/wp\/v2\/pages"}],"about":[{"href":"https:\/\/demo.stilldesign.net\/btoolb\/wp-json\/wp\/v2\/types\/page"}],"author":[{"embeddable":true,"href":"https:\/\/demo.stilldesign.net\/btoolb\/wp-json\/wp\/v2\/users\/1"}],"replies":[{"embeddable":true,"href":"https:\/\/demo.stilldesign.net\/btoolb\/wp-json\/wp\/v2\/comments?post=15"}],"version-history":[{"count":4,"href":"https:\/\/demo.stilldesign.net\/btoolb\/wp-json\/wp\/v2\/pages\/15\/revisions"}],"predecessor-version":[{"id":238,"href":"https:\/\/demo.stilldesign.net\/btoolb\/wp-json\/wp\/v2\/pages\/15\/revisions\/238"}],"wp:featuredmedia":[{"embeddable":true,"href":"https:\/\/demo.stilldesign.net\/btoolb\/wp-json\/wp\/v2\/media\/275"}],"wp:attachment":[{"href":"https:\/\/demo.stilldesign.net\/btoolb\/wp-json\/wp\/v2\/media?parent=15"}],"curies":[{"name":"wp","href":"https:\/\/api.w.org\/{rel}","templated":true}]}}